{"id":6867,"date":"2021-10-13T11:49:08","date_gmt":"2021-10-13T09:49:08","guid":{"rendered":"https:\/\/clorian-cgr.com\/clientes_grid\/"},"modified":"2021-10-13T11:49:08","modified_gmt":"2021-10-13T09:49:08","slug":"clientes_grid","status":"publish","type":"page","link":"https:\/\/clorian-cgr.com\/en\/clientes_grid\/","title":{"rendered":"Clientes_grid"},"content":{"rendered":"<p>\r\n<section class=\"sh-section sh-section-7866933d18a5f94f2a80d326dd581dab fw-main-row sh-section-visibility-everywhere\" id=\"clients_orginanizers\">\r\n\t\r\n\t\r\n\t<div class=\"sh-section-container container\">\r\n\t\t\t<\/div>\r\n<\/section>\r\n\r\n<section class=\"sh-section sh-section-b1b515bf88a2da4330192c0ec0887900 fw-main-row sh-section-visibility-everywhere\" id=\"clients_page\">\r\n\t\r\n\t\r\n\t<div class=\"sh-section-container container\">\r\n\t\t<div class=\"fw-row\">\n\t\r\n<div class=\"sh-column sh-column-c454900f059ebc57ae66c4fffb926988 fw-col-xs-12\" >\r\n\r\n\t\r\n\t<div class=\"sh-column-wrapper\">\r\n\t\t\n<div id=\"single-image-d47e14335364360fea155db0493cc34e\" class=\"sh-single-image  sh-element-inline \" data-tag=\"1,2,0\" data-extratag=\"Catalunya, Barcelona, Museo, Monumento, Gaud\u00ed, Modernismo, Modernisme, Museum, Monument, Sagrada Familia\">\n\t<div class=\"sh-element-margin\">\n\t\t\n\t\t\n\t\t\t<div class=\"sh-single-image-container\">\n\t\t\t\t\t\t\t\t\t\t\t\t\t\t\t<a href=\"https:\/\/tickets.sagradafamilia.org\/\">\n\t\t\t\t\t\n\t\t\t\t\t\t\t\t\t\t\t\t\t<img decoding=\"async\" class=\"sh-image-url\" src=\"https:\/\/clorian-cgr.com\/wp-content\/uploads\/2020\/12\/sagradafamilia.png\" alt=\"sagradafamilia\" \/>\n\t\t\t\t\t\t\t\t\t\t\t\t\t\n\t\t\t\t\t\t\t\t\t\t\t<\/a>\n\t\t\t\t\t\t\t\t\t\n\t\t\t\t\t\t\t<\/div>\n\n\t\t\n\t<\/div>\n<\/div>\n<div id=\"single-image-91a4e4968c9de6ede9d20322280d6202\" class=\"sh-single-image  sh-element-inline \" data-tag=\"1,2,0,6,7\" data-extratag=\"Catalunya, Barcelona, Museo, Monumento, Arte, Art, Religi\u00f3n, Naturaleza, Modernismo, Modernisme, Museum, Monument, Montserrat, Trip, Excursi\u00f3n\">\n\t<div class=\"sh-element-margin\">\n\t\t\n\t\t\n\t\t\t<div class=\"sh-single-image-container\">\n\t\t\t\t\t\t\t\t\t\t\t\t\t\t\t<a href=\"https:\/\/tickets.montserratvisita.com\/\">\n\t\t\t\t\t\n\t\t\t\t\t\t\t\t\t\t\t\t\t<img decoding=\"async\" class=\"sh-image-url\" src=\"https:\/\/clorian-cgr.com\/wp-content\/uploads\/2020\/11\/montserratvisita.png\" alt=\"montserratvisita\" \/>\n\t\t\t\t\t\t\t\t\t\t\t\t\t\n\t\t\t\t\t\t\t\t\t\t\t<\/a>\n\t\t\t\t\t\t\t\t\t\n\t\t\t\t\t\t\t<\/div>\n\n\t\t\n\t<\/div>\n<\/div>\n<div id=\"single-image-34a54eb497f62195607b8a6628ee383c\" class=\"sh-single-image  sh-element-inline \" data-tag=\"1,0,3,4\" data-extratag=\"Madrid, Museo, Monumento, Exposici\u00f3n, Reina Sof\u00eda, Centro, Nacional, Arte, Guernica, Paseo del Arte\">\n\t<div class=\"sh-element-margin\">\n\t\t\n\t\t\n\t\t\t<div class=\"sh-single-image-container\">\n\t\t\t\t\t\t\t\t\t\t\t\t\t\t\t<a href=\"https:\/\/entradas.museoreinasofia.es\/\">\n\t\t\t\t\t\n\t\t\t\t\t\t\t\t\t\t\t\t\t<img decoding=\"async\" class=\"sh-image-url\" src=\"https:\/\/clorian-cgr.com\/wp-content\/uploads\/2020\/11\/museoreinasofia.png\" alt=\"museoreinasofia\" \/>\n\t\t\t\t\t\t\t\t\t\t\t\t\t\n\t\t\t\t\t\t\t\t\t\t\t<\/a>\n\t\t\t\t\t\t\t\t\t\n\t\t\t\t\t\t\t<\/div>\n\n\t\t\n\t<\/div>\n<\/div>\n<div id=\"single-image-5589316f9290f063c2deae2e869a6f00\" class=\"sh-single-image  sh-element-inline \" data-tag=\"1,2,6,0,7\" data-extratag=\"Andaluc\u00eda, Granada, Granadacard, Bono Tur\u00edstico, Alhambra, Generalife, Palacios Nazar\u00edes, Sierra Nevada, Monumentos Andalus\u00edes, transporte, GranadaTur, Turismo\">\n\t<div class=\"sh-element-margin\">\n\t\t\n\t\t\n\t\t\t<div class=\"sh-single-image-container\">\n\t\t\t\t\t\t\t\t\t\t\t\t\t\t\t<a href=\"https:\/\/granadatur.cloriancgr.kinsta.cloud\/\">\n\t\t\t\t\t\n\t\t\t\t\t\t\t\t\t\t\t\t\t<img decoding=\"async\" class=\"sh-image-url\" src=\"https:\/\/clorian-cgr.com\/wp-content\/uploads\/2021\/10\/GranadaTur.png\" alt=\"Granada Turismo\" \/>\n\t\t\t\t\t\t\t\t\t\t\t\t\t\n\t\t\t\t\t\t\t\t\t\t\t<\/a>\n\t\t\t\t\t\t\t\t\t\n\t\t\t\t\t\t\t<\/div>\n\n\t\t\n\t<\/div>\n<\/div>\n<div id=\"single-image-dd63f2277373ea9cd32a8aeaddd14374\" class=\"sh-single-image  sh-element-inline \" data-tag=\"2,0\" data-extratag=\"Andaluc\u00eda, C\u00f3rdoba, Mezquita, Catedral, Igl\u00e9sia, Monumento, Museo, Arte\">\n\t<div class=\"sh-element-margin\">\n\t\t\n\t\t\n\t\t\t<div class=\"sh-single-image-container\">\n\t\t\t\t\t\t\t\t\t\t\t\t\t\t\t<a href=\"https:\/\/tickets.mezquita-catedraldecordoba.es\/\">\n\t\t\t\t\t\n\t\t\t\t\t\t\t\t\t\t\t\t\t<img decoding=\"async\" class=\"sh-image-url\" src=\"https:\/\/clorian-cgr.com\/wp-content\/uploads\/2020\/11\/mezquitadecordoba-1.png\" alt=\"mezquitadecordoba\" \/>\n\t\t\t\t\t\t\t\t\t\t\t\t\t\n\t\t\t\t\t\t\t\t\t\t\t<\/a>\n\t\t\t\t\t\t\t\t\t\n\t\t\t\t\t\t\t<\/div>\n\n\t\t\n\t<\/div>\n<\/div>\n<div id=\"single-image-7b8a14554e55a5acaf4f04989ad67903\" class=\"sh-single-image  sh-element-inline \" data-tag=\"0,2,7\" data-extratag=\"Mirador torre Gl\u00f2ries, Barcelona, torre, vistas, ocio, vistas 360\">\n\t<div class=\"sh-element-margin\">\n\t\t\n\t\t\n\t\t\t<div class=\"sh-single-image-container\">\n\t\t\t\t\t\t\t\t\t\t\t\t\t\t\t<a href=\"https:\/\/tickets.miradortorreglories.com\/\">\n\t\t\t\t\t\n\t\t\t\t\t\t\t\t\t\t\t\t\t<img decoding=\"async\" class=\"sh-image-url\" src=\"https:\/\/clorian-cgr.com\/wp-content\/uploads\/2024\/07\/MiradorTorreGlories.png\" alt=\"MiradorTorreGlories\" \/>\n\t\t\t\t\t\t\t\t\t\t\t\t\t\n\t\t\t\t\t\t\t\t\t\t\t<\/a>\n\t\t\t\t\t\t\t\t\t\n\t\t\t\t\t\t\t<\/div>\n\n\t\t\n\t<\/div>\n<\/div>\n<div id=\"single-image-88d59617e3ed766a4c2b370fb7aa8cb9\" class=\"sh-single-image  sh-element-inline \" data-tag=\"0,2\" data-extratag=\"Castilla, Le\u00f3n, Segovia, Alcazar, Real, Monumento, Museo, Torre, Historia, Medieval, Castillo, Castle, Monument, Espa\u00f1a, Spain\">\n\t<div class=\"sh-element-margin\">\n\t\t\n\t\t\n\t\t\t<div class=\"sh-single-image-container\">\n\t\t\t\t\t\t\t\t\t\t\t\t\t\t\t<a href=\"https:\/\/entradas.alcazardesegovia.com\/\">\n\t\t\t\t\t\n\t\t\t\t\t\t\t\t\t\t\t\t\t<img decoding=\"async\" class=\"sh-image-url\" src=\"https:\/\/clorian-cgr.com\/wp-content\/uploads\/2020\/11\/alcazardesegovia.png\" alt=\"alcazardesegovia\" \/>\n\t\t\t\t\t\t\t\t\t\t\t\t\t\n\t\t\t\t\t\t\t\t\t\t\t<\/a>\n\t\t\t\t\t\t\t\t\t\n\t\t\t\t\t\t\t<\/div>\n\n\t\t\n\t<\/div>\n<\/div>\n<div id=\"single-image-0da98c380070974aed8d6d730295c98d\" class=\"sh-single-image  sh-element-inline \" data-tag=\"6,2,7,0\" data-extratag=\"Catalunya, Barcelona, Girona, Tarragona, Lleida, Turismo, Turisme, Bus, Autobus, transport, transporte, ocio, excursiones, excursions, trip, Catalonia, Figueres, Montserrat, Bodegas, La Roca Village, TMB, Transports Metropolitans de Barcelona, pack\">\n\t<div class=\"sh-element-margin\">\n\t\t\n\t\t\n\t\t\t<div class=\"sh-single-image-container\">\n\t\t\t\t\t\t\t\t\t\t\t\t\t\t\t<a href=\"https:\/\/tickets.catalunyabusturistic.com\/\">\n\t\t\t\t\t\n\t\t\t\t\t\t\t\t\t\t\t\t\t<img decoding=\"async\" class=\"sh-image-url\" src=\"https:\/\/clorian-cgr.com\/wp-content\/uploads\/2020\/11\/catalunyabusturistic.png\" alt=\"catalunyabusturistic\" \/>\n\t\t\t\t\t\t\t\t\t\t\t\t\t\n\t\t\t\t\t\t\t\t\t\t\t<\/a>\n\t\t\t\t\t\t\t\t\t\n\t\t\t\t\t\t\t<\/div>\n\n\t\t\n\t<\/div>\n<\/div>\n<div id=\"single-image-988c2c0d20adaba47fca790ba05d0b24\" class=\"sh-single-image  sh-element-inline \" data-tag=\"1,4,0\" data-extratag=\"Madrid, Espa\u00f1a, Banco, Banco de Espa\u00f1a, reserva, cita previa, exposici\u00f3n\">\n\t<div class=\"sh-element-margin\">\n\t\t\n\t\t\n\t\t\t<div class=\"sh-single-image-container\">\n\t\t\t\t\t\t\t\t\t\t\t\t\t\t\t<a href=\"https:\/\/cita-previa-bde.clorian.com\/\">\n\t\t\t\t\t\n\t\t\t\t\t\t\t\t\t\t\t\t\t<img decoding=\"async\" class=\"sh-image-url\" src=\"https:\/\/clorian-cgr.com\/wp-content\/uploads\/2020\/11\/ExposicionBDE.png\" alt=\"ExposicionBDE\" \/>\n\t\t\t\t\t\t\t\t\t\t\t\t\t\n\t\t\t\t\t\t\t\t\t\t\t<\/a>\n\t\t\t\t\t\t\t\t\t\n\t\t\t\t\t\t\t<\/div>\n\n\t\t\n\t<\/div>\n<\/div>\n<div id=\"single-image-e92b50e430f87f8db2f3e1d4eea65f4c\" class=\"sh-single-image  sh-element-inline \" data-tag=\"1,0\" data-extratag=\"Museo, F\u00fatbol, Legends Football, La Liga, Madrid, Barcelona, historia\">\n\t<div class=\"sh-element-margin\">\n\t\t\n\t\t\n\t\t\t<div class=\"sh-single-image-container\">\n\t\t\t\t\t\t\t\t\t\t\t\t\t\t\t<a href=\"https:\/\/tickets.legends.football\/\">\n\t\t\t\t\t\n\t\t\t\t\t\t\t\t\t\t\t\t\t<img decoding=\"async\" class=\"sh-image-url\" src=\"https:\/\/clorian-cgr.com\/wp-content\/uploads\/2024\/07\/Legends-logo.png\" alt=\"Legends-logo\" \/>\n\t\t\t\t\t\t\t\t\t\t\t\t\t\n\t\t\t\t\t\t\t\t\t\t\t<\/a>\n\t\t\t\t\t\t\t\t\t\n\t\t\t\t\t\t\t<\/div>\n\n\t\t\n\t<\/div>\n<\/div>\n<div id=\"single-image-203d34e43a9ca4aefba0e4662a9f7438\" class=\"sh-single-image  sh-element-inline \" data-tag=\"0,2,7\" data-extratag=\"Castilla, La Mancha, Toledo, Monumental, Monumentos, Igl\u00e9sia, Bono tur\u00edstico, pulsera, tur\u00edstica, turismo, pack\">\n\t<div class=\"sh-element-margin\">\n\t\t\n\t\t\n\t\t\t<div class=\"sh-single-image-container\">\n\t\t\t\t\t\t\t\t\t\t\t\t\t\t\t<a href=\"https:\/\/tickets.toledomonumental.com\/es\">\n\t\t\t\t\t\n\t\t\t\t\t\t\t\t\t\t\t\t\t<img decoding=\"async\" class=\"sh-image-url\" src=\"https:\/\/clorian-cgr.com\/wp-content\/uploads\/2021\/12\/ToledoMonumental.png\" alt=\"ToledoMonumental\" \/>\n\t\t\t\t\t\t\t\t\t\t\t\t\t\n\t\t\t\t\t\t\t\t\t\t\t<\/a>\n\t\t\t\t\t\t\t\t\t\n\t\t\t\t\t\t\t<\/div>\n\n\t\t\n\t<\/div>\n<\/div>\n<div id=\"single-image-ed6363a16fbaa0082b1763f9f876ea9d\" class=\"sh-single-image  sh-element-inline \" data-tag=\"0,4,1\" data-extratag=\"Madrid, Museo, Monumento, Exposici\u00f3n, Thyssen, Bornemisza, Centro, Nacional, Arte, Paseo del Arte, Fundaci\u00f3n\">\n\t<div class=\"sh-element-margin\">\n\t\t\n\t\t\n\t\t\t<div class=\"sh-single-image-container\">\n\t\t\t\t\t\t\t\t\t\n\t\t\t\t\t\t\t\t\t\t\t\t\t<img decoding=\"async\" class=\"sh-image-url\" src=\"https:\/\/clorian-cgr.com\/wp-content\/uploads\/2024\/07\/museothyssen.png\" alt=\"museothyssen\" \/>\n\t\t\t\t\t\t\t\t\t\t\t\t\t\n\t\t\t\t\t\t\t\t\t\n\t\t\t\t\t\t\t<\/div>\n\n\t\t\n\t<\/div>\n<\/div>\n<div id=\"single-image-c61b33a78153a409efa558c6c1de8897\" class=\"sh-single-image  sh-element-inline \" data-tag=\"0,3,2\" data-extratag=\"Catalunya, Barcelona, Museo, Visita, Guiada, Palau de la M\u00fasica, Palau, M\u00fasica, Modernismo\">\n\t<div class=\"sh-element-margin\">\n\t\t\n\t\t\n\t\t\t<div class=\"sh-single-image-container\">\n\t\t\t\t\t\t\t\t\t\n\t\t\t\t\t\t\t\t\t\t\t\t\t<img decoding=\"async\" class=\"sh-image-url\" src=\"https:\/\/clorian-cgr.com\/wp-content\/uploads\/2024\/07\/palaudelamusica.png\" alt=\"palaudelamusica\" \/>\n\t\t\t\t\t\t\t\t\t\t\t\t\t\n\t\t\t\t\t\t\t\t\t\n\t\t\t\t\t\t\t<\/div>\n\n\t\t\n\t<\/div>\n<\/div>\n<div id=\"single-image-4ac265313534ca54e49c3407bcb17810\" class=\"sh-single-image  sh-element-inline \" data-tag=\"0,2\" data-extratag=\"Catedral de Santiago, Santiago de Compostela, Camino de Santiago, peregrinaci\u00f3n, cristianismo\">\n\t<div class=\"sh-element-margin\">\n\t\t\n\t\t\n\t\t\t<div class=\"sh-single-image-container\">\n\t\t\t\t\t\t\t\t\t\n\t\t\t\t\t\t\t\t\t\t\t\t\t<img decoding=\"async\" class=\"sh-image-url\" src=\"https:\/\/clorian-cgr.com\/wp-content\/uploads\/2024\/07\/logo_responsive.png\" alt=\"logo_responsive\" \/>\n\t\t\t\t\t\t\t\t\t\t\t\t\t\n\t\t\t\t\t\t\t\t\t\n\t\t\t\t\t\t\t<\/div>\n\n\t\t\n\t<\/div>\n<\/div>\n<div id=\"single-image-7a422065cd9d134bf997a43514282e53\" class=\"sh-single-image  sh-element-inline \" data-tag=\"0,2,1\" data-extratag=\"Barcelona, Gaud\u00ed, Casa Vicens\">\n\t<div class=\"sh-element-margin\">\n\t\t\n\t\t\n\t\t\t<div class=\"sh-single-image-container\">\n\t\t\t\t\t\t\t\t\t\n\t\t\t\t\t\t\t\t\t\t\t\t\t<img decoding=\"async\" class=\"sh-image-url\" src=\"https:\/\/clorian-cgr.com\/wp-content\/uploads\/2024\/07\/casavicens.png\" alt=\"casavicens\" \/>\n\t\t\t\t\t\t\t\t\t\t\t\t\t\n\t\t\t\t\t\t\t\t\t\n\t\t\t\t\t\t\t<\/div>\n\n\t\t\n\t<\/div>\n<\/div>\n<div id=\"single-image-16f78e18f2c64120705ce5153f559a09\" class=\"sh-single-image  sh-element-inline \" data-tag=\"0,3\" data-extratag=\"Tarragona, Concurs, Castells, Catalunya\">\n\t<div class=\"sh-element-margin\">\n\t\t\n\t\t\n\t\t\t<div class=\"sh-single-image-container\">\n\t\t\t\t\t\t\t\t\t\n\t\t\t\t\t\t\t\t\t\t\t\t\t<img decoding=\"async\" class=\"sh-image-url\" src=\"https:\/\/clorian-cgr.com\/wp-content\/uploads\/2024\/07\/Concurs-de-Castells-logo.png\" alt=\"Concurs-de-Castells-logo\" \/>\n\t\t\t\t\t\t\t\t\t\t\t\t\t\n\t\t\t\t\t\t\t\t\t\n\t\t\t\t\t\t\t<\/div>\n\n\t\t\n\t<\/div>\n<\/div>\n<div id=\"single-image-aad591bc9b45c357a77bffa474843afe\" class=\"sh-single-image  sh-element-inline \" data-tag=\"0,4,7\" data-extratag=\"Madrid, Exposici\u00f3n, Juego de Tronos, Game of Thrones, Exhibition\">\n\t<div class=\"sh-element-margin\">\n\t\t\n\t\t\n\t\t\t<div class=\"sh-single-image-container\">\n\t\t\t\t\t\t\t\t\t\n\t\t\t\t\t\t\t\t\t\t\t\t\t<img decoding=\"async\" class=\"sh-image-url\" src=\"https:\/\/clorian-cgr.com\/wp-content\/uploads\/2024\/07\/gameofthrones.png\" alt=\"gameofthrones\" \/>\n\t\t\t\t\t\t\t\t\t\t\t\t\t\n\t\t\t\t\t\t\t\t\t\n\t\t\t\t\t\t\t<\/div>\n\n\t\t\n\t<\/div>\n<\/div>\n<div id=\"single-image-ff75736263e8b02a4f3e34f715c60075\" class=\"sh-single-image  sh-element-inline \" data-tag=\"0,4,7\" data-extratag=\"Exposici\u00f3n, Tutankhamon, Madrid, Espa\u00f1a, Egipto\">\n\t<div class=\"sh-element-margin\">\n\t\t\n\t\t\n\t\t\t<div class=\"sh-single-image-container\">\n\t\t\t\t\t\t\t\t\t\n\t\t\t\t\t\t\t\t\t\t\t\t\t<img decoding=\"async\" class=\"sh-image-url\" src=\"https:\/\/clorian-cgr.com\/wp-content\/uploads\/2024\/07\/kingtut.png\" alt=\"kingtut\" \/>\n\t\t\t\t\t\t\t\t\t\t\t\t\t\n\t\t\t\t\t\t\t\t\t\n\t\t\t\t\t\t\t<\/div>\n\n\t\t\n\t<\/div>\n<\/div>\n<div id=\"single-image-f53141d62ec0c6481e72f7d28dd3bd28\" class=\"sh-single-image  sh-element-inline \" data-tag=\"0,4\" data-extratag=\"Madrid, Exposici\u00f3n, temporal, exhibition, Auschwitz\">\n\t<div class=\"sh-element-margin\">\n\t\t\n\t\t\n\t\t\t<div class=\"sh-single-image-container\">\n\t\t\t\t\t\t\t\t\t\n\t\t\t\t\t\t\t\t\t\t\t\t\t<img decoding=\"async\" class=\"sh-image-url\" src=\"https:\/\/clorian-cgr.com\/wp-content\/uploads\/2024\/07\/exposicion-auschwitz.png\" alt=\"exposicion-auschwitz\" \/>\n\t\t\t\t\t\t\t\t\t\t\t\t\t\n\t\t\t\t\t\t\t\t\t\n\t\t\t\t\t\t\t<\/div>\n\n\t\t\n\t<\/div>\n<\/div>\n<div id=\"single-image-05b3b62fffd20ea0786e5b9a8215af3c\" class=\"sh-single-image  sh-element-inline \" data-tag=\"0,4\" data-extratag=\"Madrid, Espa\u00f1a, Catalunya, Barcelona, Exposici\u00f3n, temporal, Exhibition, Temporary, Banksy, Arte, art, street, Museo, Museu, Disseny, Hub\">\n\t<div class=\"sh-element-margin\">\n\t\t\n\t\t\n\t\t\t<div class=\"sh-single-image-container\">\n\t\t\t\t\t\t\t\t\t\n\t\t\t\t\t\t\t\t\t\t\t\t\t<img decoding=\"async\" class=\"sh-image-url\" src=\"https:\/\/clorian-cgr.com\/wp-content\/uploads\/2024\/07\/banksy.png\" alt=\"banksy\" \/>\n\t\t\t\t\t\t\t\t\t\t\t\t\t\n\t\t\t\t\t\t\t\t\t\n\t\t\t\t\t\t\t<\/div>\n\n\t\t\n\t<\/div>\n<\/div>\n<div id=\"single-image-f4dffd14fa38c82916929c7f9e4a4708\" class=\"sh-single-image  sh-element-inline \" data-tag=\"0,4\" data-extratag=\"Exposici\u00f3n, Expo, Exhibition, Inmersiva, Immersiva, Inmersive, 3D, Picasso, Pablo, IFEMA, Madrid, SoldOut\">\n\t<div class=\"sh-element-margin\">\n\t\t\n\t\t\n\t\t\t<div class=\"sh-single-image-container\">\n\t\t\t\t\t\t\t\t\t\n\t\t\t\t\t\t\t\t\t\t\t\t\t<img decoding=\"async\" class=\"sh-image-url\" src=\"https:\/\/clorian-cgr.com\/wp-content\/uploads\/2024\/07\/ImaginePicasso.png\" alt=\"ImaginePicasso\" \/>\n\t\t\t\t\t\t\t\t\t\t\t\t\t\n\t\t\t\t\t\t\t\t\t\n\t\t\t\t\t\t\t<\/div>\n\n\t\t\n\t<\/div>\n<\/div>\n<div id=\"single-image-a02ae83e6cbd3231fef39630c41ce7a0\" class=\"sh-single-image  sh-element-inline \" data-tag=\"0,4\" data-extratag=\"Exposici\u00f3n, Temporal, Exhibition, Temporary, arte, experiencia, experience, 4d\">\n\t<div class=\"sh-element-margin\">\n\t\t\n\t\t\n\t\t\t<div class=\"sh-single-image-container\">\n\t\t\t\t\t\t\t\t\t\n\t\t\t\t\t\t\t\t\t\t\t\t\t<img decoding=\"async\" class=\"sh-image-url\" src=\"https:\/\/clorian-cgr.com\/wp-content\/uploads\/2024\/07\/DesafioDali.png\" alt=\"DesafioDali\" \/>\n\t\t\t\t\t\t\t\t\t\t\t\t\t\n\t\t\t\t\t\t\t\t\t\n\t\t\t\t\t\t\t<\/div>\n\n\t\t\n\t<\/div>\n<\/div>\n<div id=\"single-image-8c7bd8bb2aee8ed1ed648bbd6a34f108\" class=\"sh-single-image  sh-element-inline \" data-tag=\"0,4\" data-extratag=\"Madrid, Exposici\u00f3n, Exhibition, temporary, temporal, Frida, Kahlo, Mexico, Mexican, 4d, inmersiva, experiencia, audiovisual, Acciona, Vida y Obra\">\n\t<div class=\"sh-element-margin\">\n\t\t\n\t\t\n\t\t\t<div class=\"sh-single-image-container\">\n\t\t\t\t\t\t\t\t\t\n\t\t\t\t\t\t\t\t\t\t\t\t\t<img decoding=\"async\" class=\"sh-image-url\" src=\"https:\/\/clorian-cgr.com\/wp-content\/uploads\/2024\/07\/FridaKahlo.png\" alt=\"FridaKahlo\" \/>\n\t\t\t\t\t\t\t\t\t\t\t\t\t\n\t\t\t\t\t\t\t\t\t\n\t\t\t\t\t\t\t<\/div>\n\n\t\t\n\t<\/div>\n<\/div>\n<div id=\"single-image-7d671d26768359de9e9aff859f92c841\" class=\"sh-single-image  sh-element-inline \" data-tag=\"0,4\" data-extratag=\"Mundo, Van Gogh, Arte, Exposici\u00f3n, Inmersiva, Exhibition, Expo, Exposici\u00f3, pintura, Santander\">\n\t<div class=\"sh-element-margin\">\n\t\t\n\t\t\n\t\t\t<div class=\"sh-single-image-container\">\n\t\t\t\t\t\t\t\t\t\n\t\t\t\t\t\t\t\t\t\t\t\t\t<img decoding=\"async\" class=\"sh-image-url\" src=\"https:\/\/clorian-cgr.com\/wp-content\/uploads\/2024\/07\/ElMundoDeVanGogh.png\" alt=\"ElMundoDeVanGogh\" \/>\n\t\t\t\t\t\t\t\t\t\t\t\t\t\n\t\t\t\t\t\t\t\t\t\n\t\t\t\t\t\t\t<\/div>\n\n\t\t\n\t<\/div>\n<\/div>\n<div id=\"single-image-3cf2dd106dd939d2845b6abc18de0f8f\" class=\"sh-single-image  sh-element-inline \" data-tag=\"0,4\" data-extratag=\"Madrid, Exposici\u00f3n, Exhibition, temporary, temporal, Steve, stevemccurry, MC, Curry, fotograf\u00eda, arte\">\n\t<div class=\"sh-element-margin\">\n\t\t\n\t\t\n\t\t\t<div class=\"sh-single-image-container\">\n\t\t\t\t\t\t\t\t\t\n\t\t\t\t\t\t\t\t\t\t\t\t\t<img decoding=\"async\" class=\"sh-image-url\" src=\"https:\/\/clorian-cgr.com\/wp-content\/uploads\/2024\/07\/SteveMcCurry.png\" alt=\"SteveMcCurry\" \/>\n\t\t\t\t\t\t\t\t\t\t\t\t\t\n\t\t\t\t\t\t\t\t\t\n\t\t\t\t\t\t\t<\/div>\n\n\t\t\n\t<\/div>\n<\/div>\n<div id=\"single-image-eef7d3a52b146cc37313382e530602e1\" class=\"sh-single-image  sh-element-inline \" data-tag=\"0,4,7\" data-extratag=\"Valencia, Espa\u00f1a, Harry Potter, exhibition, exposici\u00f3n, expo, ocio\">\n\t<div class=\"sh-element-margin\">\n\t\t\n\t\t\n\t\t\t<div class=\"sh-single-image-container\">\n\t\t\t\t\t\t\t\t\t\n\t\t\t\t\t\t\t\t\t\t\t\t\t<img decoding=\"async\" class=\"sh-image-url\" src=\"https:\/\/clorian-cgr.com\/wp-content\/uploads\/2024\/07\/exposicionharrypotter.png\" alt=\"exposicionharrypotter\" \/>\n\t\t\t\t\t\t\t\t\t\t\t\t\t\n\t\t\t\t\t\t\t\t\t\n\t\t\t\t\t\t\t<\/div>\n\n\t\t\n\t<\/div>\n<\/div>\n<div id=\"single-image-5d0fb002caddcde1603d5e4c3c6a80c3\" class=\"sh-single-image  sh-element-inline \" data-tag=\"0,4,7\" data-extratag=\"Madrid, Exposici\u00f3n, Exhibition, temporary, temporal, La Saga Galaxias\">\n\t<div class=\"sh-element-margin\">\n\t\t\n\t\t\n\t\t\t<div class=\"sh-single-image-container\">\n\t\t\t\t\t\t\t\t\t\n\t\t\t\t\t\t\t\t\t\t\t\t\t<img decoding=\"async\" class=\"sh-image-url\" src=\"https:\/\/clorian-cgr.com\/wp-content\/uploads\/2024\/07\/lasagadelasgalaxias.png\" alt=\"lasagadelasgalaxias\" \/>\n\t\t\t\t\t\t\t\t\t\t\t\t\t\n\t\t\t\t\t\t\t\t\t\n\t\t\t\t\t\t\t<\/div>\n\n\t\t\n\t<\/div>\n<\/div>\n<div id=\"single-image-265aa29c404739726f68225d08ec208e\" class=\"sh-single-image  sh-element-inline \" data-tag=\"0,4,7\" data-extratag=\"Madrid, Bilbao, Exposici\u00f3n, Temporal, exhibition, temporary, Superthings, infantil, children, ni\u00f1os, deusto, expo center,\">\n\t<div class=\"sh-element-margin\">\n\t\t\n\t\t\n\t\t\t<div class=\"sh-single-image-container\">\n\t\t\t\t\t\t\t\t\t\n\t\t\t\t\t\t\t\t\t\t\t\t\t<img decoding=\"async\" class=\"sh-image-url\" src=\"https:\/\/clorian-cgr.com\/wp-content\/uploads\/2024\/07\/SuperThings.png\" alt=\"SuperThings\" \/>\n\t\t\t\t\t\t\t\t\t\t\t\t\t\n\t\t\t\t\t\t\t\t\t\n\t\t\t\t\t\t\t<\/div>\n\n\t\t\n\t<\/div>\n<\/div>\n<div id=\"single-image-3ea6489c78f43949fa591d38b1839a3a\" class=\"sh-single-image  sh-element-inline \" data-tag=\"0,4\" data-extratag=\"Madrid, Exposici\u00f3n, Exhibition, temporary, temporal, Dinoworlds, dino, worlds, infantil, ni\u00f1os, children\">\n\t<div class=\"sh-element-margin\">\n\t\t\n\t\t\n\t\t\t<div class=\"sh-single-image-container\">\n\t\t\t\t\t\t\t\t\t\n\t\t\t\t\t\t\t\t\t\t\t\t\t<img decoding=\"async\" class=\"sh-image-url\" src=\"https:\/\/clorian-cgr.com\/wp-content\/uploads\/2024\/07\/DinoWorld.png\" alt=\"DinoWorld\" \/>\n\t\t\t\t\t\t\t\t\t\t\t\t\t\n\t\t\t\t\t\t\t\t\t\n\t\t\t\t\t\t\t<\/div>\n\n\t\t\n\t<\/div>\n<\/div>\n<div id=\"single-image-e74943dc02e3da292b41c4760fd8386d\" class=\"sh-single-image  sh-element-inline \" data-tag=\"0,4\" data-extratag=\"Madrid, Exposici\u00f3n, Exhibition, temporary, temporal, bodyworlds, cuerpo, humano, humans, ciencia\">\n\t<div class=\"sh-element-margin\">\n\t\t\n\t\t\n\t\t\t<div class=\"sh-single-image-container\">\n\t\t\t\t\t\t\t\t\t\n\t\t\t\t\t\t\t\t\t\t\t\t\t<img decoding=\"async\" class=\"sh-image-url\" src=\"https:\/\/clorian-cgr.com\/wp-content\/uploads\/2024\/07\/BodyWorlds.png\" alt=\"BodyWorlds\" \/>\n\t\t\t\t\t\t\t\t\t\t\t\t\t\n\t\t\t\t\t\t\t\t\t\n\t\t\t\t\t\t\t<\/div>\n\n\t\t\n\t<\/div>\n<\/div>\n<div id=\"single-image-8132fb0cc7c93a1da2deb9cc8a1a414e\" class=\"sh-single-image  sh-element-inline \" data-tag=\"0,4,1\" data-extratag=\"Catalunya, Barcelona, Human, Bodies, HumanBodies, Exposici\u00f3n, cuerpo, humano, ciencia, museo, visita, escuelas, grupos, plaza, arenas\">\n\t<div class=\"sh-element-margin\">\n\t\t\n\t\t\n\t\t\t<div class=\"sh-single-image-container\">\n\t\t\t\t\t\t\t\t\t\n\t\t\t\t\t\t\t\t\t\t\t\t\t<img decoding=\"async\" class=\"sh-image-url\" src=\"https:\/\/clorian-cgr.com\/wp-content\/uploads\/2024\/07\/humanbodies.png\" alt=\"humanbodies\" \/>\n\t\t\t\t\t\t\t\t\t\t\t\t\t\n\t\t\t\t\t\t\t\t\t\n\t\t\t\t\t\t\t<\/div>\n\n\t\t\n\t<\/div>\n<\/div>\n<div id=\"single-image-86253f2334a7da23ce479eddb6d7a801\" class=\"sh-single-image  sh-element-inline \" data-tag=\"0,7,2\" data-extratag=\"Barcelona, Festival, FLIC\">\n\t<div class=\"sh-element-margin\">\n\t\t\n\t\t\n\t\t\t<div class=\"sh-single-image-container\">\n\t\t\t\t\t\t\t\t\t\n\t\t\t\t\t\t\t\t\t\t\t\t\t<img decoding=\"async\" class=\"sh-image-url\" src=\"https:\/\/clorian-cgr.com\/wp-content\/uploads\/2024\/07\/flicfestival.png\" alt=\"flicfestival\" \/>\n\t\t\t\t\t\t\t\t\t\t\t\t\t\n\t\t\t\t\t\t\t\t\t\n\t\t\t\t\t\t\t<\/div>\n\n\t\t\n\t<\/div>\n<\/div>\n<div id=\"single-image-bf4f1fd6329e0d844d3e03a22fd572a4\" class=\"sh-single-image  sh-element-inline \" data-tag=\"0,7,6\" data-extratag=\"Barcelona, Sitges, Bluemar, ferry, ferries, barco, transporte\">\n\t<div class=\"sh-element-margin\">\n\t\t\n\t\t\n\t\t\t<div class=\"sh-single-image-container\">\n\t\t\t\t\t\t\t\t\t\n\t\t\t\t\t\t\t\t\t\t\t\t\t<img decoding=\"async\" class=\"sh-image-url\" src=\"https:\/\/clorian-cgr.com\/wp-content\/uploads\/2024\/07\/BlueMarFerris.png\" alt=\"BlueMarFerris\" \/>\n\t\t\t\t\t\t\t\t\t\t\t\t\t\n\t\t\t\t\t\t\t\t\t\n\t\t\t\t\t\t\t<\/div>\n\n\t\t\n\t<\/div>\n<\/div>\t<\/div>\r\n\r\n\r\n\t\t\r\n\r\n<\/div>\r\n<\/div>\n\n\t<\/div>\r\n<\/section>\r\n<\/p>\n","protected":false},"excerpt":{"rendered":"","protected":false},"author":1,"featured_media":0,"parent":0,"menu_order":0,"comment_status":"closed","ping_status":"closed","template":"","meta":{"footnotes":""},"class_list":["post-6867","page","type-page","status-publish","hentry"],"_links":{"self":[{"href":"https:\/\/clorian-cgr.com\/en\/wp-json\/wp\/v2\/pages\/6867","targetHints":{"allow":["GET"]}}],"collection":[{"href":"https:\/\/clorian-cgr.com\/en\/wp-json\/wp\/v2\/pages"}],"about":[{"href":"https:\/\/clorian-cgr.com\/en\/wp-json\/wp\/v2\/types\/page"}],"author":[{"embeddable":true,"href":"https:\/\/clorian-cgr.com\/en\/wp-json\/wp\/v2\/users\/1"}],"replies":[{"embeddable":true,"href":"https:\/\/clorian-cgr.com\/en\/wp-json\/wp\/v2\/comments?post=6867"}],"version-history":[{"count":0,"href":"https:\/\/clorian-cgr.com\/en\/wp-json\/wp\/v2\/pages\/6867\/revisions"}],"wp:attachment":[{"href":"https:\/\/clorian-cgr.com\/en\/wp-json\/wp\/v2\/media?parent=6867"}],"curies":[{"name":"wp","href":"https:\/\/api.w.org\/{rel}","templated":true}]}}