{"id":6723,"date":"2020-07-20T16:55:54","date_gmt":"2020-07-20T14:55:54","guid":{"rendered":"https:\/\/clorian-cgr.com\/el-servicio\/"},"modified":"2024-07-31T11:28:36","modified_gmt":"2024-07-31T09:28:36","slug":"el-servei","status":"publish","type":"page","link":"https:\/\/clorian-cgr.com\/ca\/el-servei\/","title":{"rendered":"El servei"},"content":{"rendered":"<p>\r\n<section class=\"sh-section sh-section-e25ecb9cf35d69ee6121e1c041b80e24 fw-main-row header_title sh-section-visibility-everywhere\">\r\n\t\r\n\t\r\n\t<div class=\"sh-section-container container-fluid\">\r\n\t\t<div class=\"fw-row\">\n\t\r\n<div class=\"sh-column sh-column-6bc0d30296a57ec16435e66497cefb27 fw-col-xs-12 container_inner\" >\r\n\r\n\t\r\n\t<div class=\"sh-column-wrapper\">\r\n\t\t\r\n<div id=\"text-block-2f86a48c69b9308549b6cab703d91a92\" class=\"sh-text-block\">\r\n\t<p><span style=\"font-weight: 400;\">Clorian CGR brinda la soluci\u00f3 m\u00e9s completa per a la gesti\u00f3 de venta d\u2019entrades<\/span><\/p><\/div>\r\n\t<\/div>\r\n\r\n\r\n\t\t\r\n\r\n<\/div>\r\n<\/div>\n\n\t<\/div>\r\n<\/section>\r\n\r\n<section class=\"sh-section sh-section-56567af6f466fc590944cc59b51a61ef fw-main-row header_title sh-section-visibility-everywhere\">\r\n\t\r\n\t\r\n\t<div class=\"sh-section-container container-fluid\">\r\n\t\t<div class=\"fw-row\">\n\t\r\n<div class=\"sh-column sh-column-e126675be6610f937a5c2e9214d378fb fw-col-xs-12 container_inner\" >\r\n\r\n\t\r\n\t<div class=\"sh-column-wrapper\">\r\n\t\t\r\n<div id=\"text-block-5a8000f514b4da3261d211c4bffe3d4b\" class=\"sh-text-block\">\r\n\t<p><div id=\"breadcrumbs\" class=\"breadcrumb-trail breadcrumbs\"><span class=\"item-home\"><a class=\"bread-link bread-home\" href=\"https:\/\/clorian-cgr.com\/ca\/\" title=\"Inici\">Inici<\/a><\/span><span class=\"separator\"> &gt; <\/span><span class=\"item-current\"><span class=\"bread-current\">El servei<\/span><\/span><\/div><\/p><p>&nbsp;<\/p><\/div>\r\n\t<\/div>\r\n\r\n\r\n\t\t\r\n\r\n<\/div>\r\n<\/div>\n\n\t<\/div>\r\n<\/section>\r\n\r\n<section class=\"sh-section sh-section-ba25d87e0a8135b8a081280801f2b9fc fw-main-row servicios sh-section-visibility-everywhere\">\r\n\t\r\n\t\r\n\t<div class=\"sh-section-container container\">\r\n\t\t<div class=\"fw-row\">\n\t\r\n<div class=\"sh-column sh-column-fc7f108c97edecf2be9837146fdf1363 fw-col-xs-12 hidden_icon_desktop\" >\r\n\r\n\t\r\n\t<div class=\"sh-column-wrapper\">\r\n\t\t\n<div id=\"single-image-c17d1b9f73a2888d16393828baabb732\" class=\"sh-single-image  \" data-tag=\"\" data-extratag=\"\">\n\t<div class=\"sh-element-margin\">\n\t\t\n\t\t\n\t\t\t<div class=\"sh-single-image-container\">\n\t\t\t\t\t\t\t\t\t\n\t\t\t\t\t\t\t\t\t\t\t\t\t<img decoding=\"async\" class=\"sh-image-url\" src=\"https:\/\/clorian-cgr.com\/wp-content\/uploads\/2024\/07\/SERVICIOS_6_rediseno_test-1024x682.png\" alt=\"SERVICIOS_6_rediseno_test\" \/>\n\t\t\t\t\t\t\t\t\t\t\t\t\t\n\t\t\t\t\t\t\t\t\t\n\t\t\t\t\t\t\t<\/div>\n\n\t\t\n\t<\/div>\n<\/div>\r\n<div id=\"text-block-9e02f023be222418f7f3f0228dda2b50\" class=\"sh-text-block\">\r\n\t<h1 style=\"text-align: center;\">UN SERVEI DE QUALITAT<\/h1><\/div>\r\n\r\n<div id=\"text-block-b7b7d18cfee34b3701757a2fe9e6736a\" class=\"sh-text-block subtitle\">\r\n\t<p style=\"text-align: center;\">Deixa que nosaltres ens encarreguem de tot, sense que hagis de preocupar-te.<br \/>Donem resposta a cada petici\u00f3 dels teus clients d'una manera r\u00e0pida i efica\u00e7.<br \/>Solucions adaptades a cada necessitat, des de petits negocis fins a ic\u00f2nics recintes.<br \/>Generem informes per a l'extracci\u00f3 de dades estad\u00edstiques sobre l'activitat del teu negoci, des de les trucades rebudes fins a informes concrets per producte.<\/p><\/div>\r\n\t<\/div>\r\n\r\n\r\n\t\t\r\n\r\n<\/div>\r\n<\/div>\n\n<div class=\"fw-row\">\n\t\r\n<div class=\"sh-column sh-column-88c84aba8fefd9c6f9448ffa5eda0dc3 fw-col-xs-12 hidden_mobile\" >\r\n\r\n\t\r\n\t<div class=\"sh-column-wrapper\">\r\n\t\t\n<div id=\"single-image-7ba59685ee611af77f51ba64e15e612f\" class=\"sh-single-image  \" data-tag=\"\" data-extratag=\"\">\n\t<div class=\"sh-element-margin\">\n\t\t\n\t\t\n\t\t\t<div class=\"sh-single-image-container\">\n\t\t\t\t\t\t\t\t\t\n\t\t\t\t\t\t\t\t\t\t\t\t\t<img decoding=\"async\" class=\"sh-image-url\" src=\"https:\/\/clorian-cgr.com\/wp-content\/uploads\/2024\/05\/SERVICIOS_6_rediseno_test-1024x682.png\" alt=\"SERVICIOS_6_redise\u00f1o_test\" \/>\n\t\t\t\t\t\t\t\t\t\t\t\t\t\n\t\t\t\t\t\t\t\t\t\n\t\t\t\t\t\t\t<\/div>\n\n\t\t\n\t<\/div>\n<\/div>\t<\/div>\r\n\r\n\r\n\t\t\r\n\r\n<\/div>\r\n<\/div>\n\n\t<\/div>\r\n<\/section>\r\n\r\n<section class=\"sh-section sh-section-82b53068c124d8cbd670e5ffcda9d14b fw-main-row servicios sh-section-visibility-everywhere\">\r\n\t\r\n\t\r\n\t<div class=\"sh-section-container container\">\r\n\t\t<div class=\"fw-row\">\n\t\r\n<div class=\"sh-column sh-column-91ffecb094497462c0c0718861866278 fw-col-xs-12 fw-col-sm-4\" >\r\n\r\n\t\r\n\t<div class=\"sh-column-wrapper\">\r\n\t\t\n<div id=\"single-image-b159c170285f8ffc5b4052acbfcf60a6\" class=\"sh-single-image  \" data-tag=\"\" data-extratag=\"\">\n\t<div class=\"sh-element-margin\">\n\t\t\n\t\t\n\t\t\t<div class=\"sh-single-image-container\">\n\t\t\t\t\t\t\t\t\t\n\t\t\t\t\t\t\t\t\t\t\t\t\t<img decoding=\"async\" class=\"sh-image-url\" src=\"https:\/\/clorian-cgr.com\/wp-content\/uploads\/2024\/05\/SERVICIOS_2_rediseno_OK-1024x1024.png\" alt=\"SERVICIOS_2\" \/>\n\t\t\t\t\t\t\t\t\t\t\t\t\t\n\t\t\t\t\t\t\t\t\t\n\t\t\t\t\t\t\t<\/div>\n\n\t\t\n\t<\/div>\n<\/div>\t<\/div>\r\n\r\n\r\n\t\t\r\n\r\n<\/div>\r\n\r\n<div class=\"sh-column sh-column-6ba63bb75d457bb1a242a665c58b0c9c fw-col-xs-12 fw-col-sm-8\" >\r\n\r\n\t\r\n\t<div class=\"sh-column-wrapper\">\r\n\t\t\r\n<div id=\"text-block-08f4ac88d8c24cef77373fac9861c5f2\" class=\"sh-text-block\">\r\n\t<h2>Centraleta al n\u00favol<\/h2><\/div>\r\n\r\n<div id=\"text-block-fe4f99afc04f42094cb642a42da377ba\" class=\"sh-text-block subtitle\">\r\n\t<p>La nostra centraleta virtual \u00e9s una soluci\u00f3 integrada totalment en el Cloud per a gestionar les comunicacions sense necessitat d'una central telef\u00f2nica f\u00edsica, estiguis on estiguis i en temps real. Amb aix\u00f2 aconseguim:<\/p><\/div>\r\n\r\n<div id=\"text-block-0a7e3bbd0fe46bab4fb10134a3415d23\" class=\"sh-text-block\">\r\n\t<ul><li>Monitorar les crides en temps real.<\/li><li>Definir b\u00fasties i missatges de veu en m\u00faltiples idiomes.<\/li><li>Disposar d'informes de l'activitat de les crides.<\/li><li>Evitar trucades perdudes.<\/li><li>Gestionar cues d'espera.<\/li><li>Plataforma 100% segura, amb totes les comunicacions encriptades.<\/li><li>Disponibilitat al cloud, evitant elevades inversions en infraestructura i millorant l'accessibilitat i efici\u00e8ncia.<\/li><\/ul><\/div>\r\n\t<\/div>\r\n\r\n\r\n\t\t\r\n\r\n<\/div>\r\n<\/div>\n\n\t<\/div>\r\n<\/section>\r\n\r\n<section class=\"sh-section sh-section-f9998eef692fb064e2ea87fb86b50369 fw-main-row servicios sh-section-visibility-everywhere\">\r\n\t\r\n\t\r\n\t<div class=\"sh-section-container container\">\r\n\t\t<div class=\"fw-row\">\n\t\r\n<div class=\"sh-column sh-column-44c62f70941268f5249ad57206031ea6 fw-col-xs-12 fw-col-sm-8 hidden_icon_desktop\" >\r\n\r\n\t\r\n\t<div class=\"sh-column-wrapper\">\r\n\t\t\r\n<div id=\"text-block-2d0901c8c0c631adad648507bd8a1e37\" class=\"sh-text-block\">\r\n\t<h2>Gestiona el teu propi CRM<\/h2><\/div>\r\n\r\n<div id=\"text-block-07bc73ec97a52f88c1f5de00f8d2456a\" class=\"sh-text-block subtitle\">\r\n\t<p>Amb el nostre CRM podrem gestionar les sol\u00b7licituds i incid\u00e8ncies amb una interf\u00edcie adaptable en funci\u00f3 de les teves necessitats i imatge corporativa.<\/p><\/div>\r\n\r\n<div id=\"text-block-3d1e1d18c521e9419b7f097fb14d7a04\" class=\"sh-text-block\">\r\n\t<ul><li data-renderer-start-pos=\"3017\">Gestionar tot el cicle de vida de les teves sol\u00b7licituds.<\/li><li data-renderer-start-pos=\"3017\">Possibilitat de registrar i contestar de manera autom\u00e0tica les teves sol\u00b7licituds.<\/li><li data-renderer-start-pos=\"3017\">Assignaci\u00f3 intel\u00b7ligent de les sol\u00b7licituds cap als teus agents.<\/li><li data-renderer-start-pos=\"3017\">Sistema de reporting per a consultar i exportar totes les dades, generant estad\u00edstiques de totes les teves sol\u00b7licituds.<\/li><li data-renderer-start-pos=\"3017\">Genera plantilles predefinides per a automatitzar respostes i guanyar efici\u00e8ncia operativa.<\/li><li data-renderer-start-pos=\"3017\">Configuraci\u00f3 personalitzada dels rols i accions disponibles per a cadascun dels teus agents.<\/li><\/ul><\/div>\r\n\t<\/div>\r\n\r\n\r\n\t\t\r\n\r\n<\/div>\r\n\r\n<div class=\"sh-column sh-column-327b0d182f4512838d32a2063294b6cb fw-col-xs-12 fw-col-sm-4 hidden_mobile\" >\r\n\r\n\t\r\n\t<div class=\"sh-column-wrapper\">\r\n\t\t\n<div id=\"single-image-b0d388cef82eb1da705263d94f62f4ac\" class=\"sh-single-image  \" data-tag=\"\" data-extratag=\"\">\n\t<div class=\"sh-element-margin\">\n\t\t\n\t\t\n\t\t\t<div class=\"sh-single-image-container\">\n\t\t\t\t\t\t\t\t\t\n\t\t\t\t\t\t\t\t\t\t\t\t\t<img decoding=\"async\" class=\"sh-image-url\" src=\"https:\/\/clorian-cgr.com\/wp-content\/uploads\/2024\/05\/SERVICIOS_2_1_rediseno_V2.png\" alt=\"SERVICIOS_2_1_redise\u00f1o_V2\" \/>\n\t\t\t\t\t\t\t\t\t\t\t\t\t\n\t\t\t\t\t\t\t\t\t\n\t\t\t\t\t\t\t<\/div>\n\n\t\t\n\t<\/div>\n<\/div>\t<\/div>\r\n\r\n\r\n\t\t\r\n\r\n<\/div>\r\n<\/div>\n\n\t<\/div>\r\n<\/section>\r\n\r\n<section class=\"sh-section sh-section-79b26fe98abf8b8b9bfc68683a7632e8 fw-main-row servicios sh-section-visibility-everywhere\">\r\n\t\r\n\t\r\n\t<div class=\"sh-section-container container\">\r\n\t\t<div class=\"fw-row\">\n\t\r\n<div class=\"sh-column sh-column-fe8cf3b7c0a8c3745b6209878b2090ba fw-col-xs-12 fw-col-sm-4\" >\r\n\r\n\t\r\n\t<div class=\"sh-column-wrapper\">\r\n\t\t\n<div id=\"single-image-66553d160d232f5aab89ae4e43f7db5e\" class=\"sh-single-image  \" data-tag=\"\" data-extratag=\"\">\n\t<div class=\"sh-element-margin\">\n\t\t\n\t\t\n\t\t\t<div class=\"sh-single-image-container\">\n\t\t\t\t\t\t\t\t\t\n\t\t\t\t\t\t\t\t\t\t\t\t\t<img decoding=\"async\" class=\"sh-image-url\" src=\"https:\/\/clorian-cgr.com\/wp-content\/uploads\/2024\/05\/SERVICIOS_4_rediseno_OK-1024x1024.png\" alt=\"SERVICIOS_4_redise\u00f1o_OK\" \/>\n\t\t\t\t\t\t\t\t\t\t\t\t\t\n\t\t\t\t\t\t\t\t\t\n\t\t\t\t\t\t\t<\/div>\n\n\t\t\n\t<\/div>\n<\/div>\t<\/div>\r\n\r\n\r\n\t\t\r\n\r\n<\/div>\r\n\r\n<div class=\"sh-column sh-column-1053c7ee9974fb8892ccb90d7f55df05 fw-col-xs-12 fw-col-sm-8\" >\r\n\r\n\t\r\n\t<div class=\"sh-column-wrapper\">\r\n\t\t\r\n<div id=\"text-block-93413ae456e31df2c41a5e557a998447\" class=\"sh-text-block\">\r\n\t<h2>Integra el m\u00f2dul Clorian<\/h2><\/div>\r\n\r\n<div id=\"text-block-07ccc6bfcbd53b6ca8afedb420503ff0\" class=\"sh-text-block subtitle\">\r\n\t<p><span style=\"font-weight: 400;\">Aconsegueix la gesti\u00f3 total del teu recinte incorporant el m\u00f2dul Clorian. Amb aix\u00f2 es podr\u00e0:<\/span><\/p><\/div>\r\n\r\n<div id=\"text-block-2180314cad014ecf4e7b02c9d2f8bc23\" class=\"sh-text-block\">\r\n\t<ul><li data-renderer-start-pos=\"3608\">Gestionar totalment les reserves del teu recinte. Crea, edita, cancel\u00b7la, reprograma... aconsegueix el control total de les teves reserves.<\/li><li data-renderer-start-pos=\"3608\">Consultar l'estat de les reserves en el teu recinte.<\/li><li data-renderer-start-pos=\"3608\">Gesti\u00f3 de les incid\u00e8ncies (CRM).<\/li><li data-renderer-start-pos=\"3608\">Operativa de pagaments i devolucions.<\/li><li data-renderer-start-pos=\"3608\">...I molt m\u00e9s!<\/li><\/ul><\/div>\r\n\t<\/div>\r\n\r\n\r\n\t\t\r\n\r\n<\/div>\r\n<\/div>\n\n\t<\/div>\r\n<\/section>\r\n\r\n<section class=\"sh-section sh-section-fd62a11f12a4a55f621eddf24f402b74 fw-main-row servicios sh-section-visibility-everywhere\">\r\n\t\r\n\t\r\n\t<div class=\"sh-section-container container\">\r\n\t\t<div class=\"fw-row\">\n\t\r\n<div class=\"sh-column sh-column-55da4e1a7bbad095df8ed9811b860549 fw-col-xs-12 fw-col-sm-8 hidden_icon_desktop\" >\r\n\r\n\t\r\n\t<div class=\"sh-column-wrapper\">\r\n\t\t\n<div id=\"single-image-ae81c68ee1fca5666ad980b09c0246c0\" class=\"sh-single-image  \" data-tag=\"\" data-extratag=\"\">\n\t<div class=\"sh-element-margin\">\n\t\t\n\t\t\n\t\t\t<div class=\"sh-single-image-container\">\n\t\t\t\t\t\t\t\t\t\n\t\t\t\t\t\t\t\t\t\t\t\t\t<img decoding=\"async\" class=\"sh-image-url\" src=\"https:\/\/clorian-cgr.com\/wp-content\/uploads\/2024\/05\/SERVICIOS_5_1_rediseno_OK-1024x1024.png\" alt=\"SERVICIOS_5_1_redise\u00f1o_OK\" \/>\n\t\t\t\t\t\t\t\t\t\t\t\t\t\n\t\t\t\t\t\t\t\t\t\n\t\t\t\t\t\t\t<\/div>\n\n\t\t\n\t<\/div>\n<\/div>\r\n<div id=\"text-block-ea07ae05e4ddeb654f5e2082d298f249\" class=\"sh-text-block\">\r\n\t<h2>Experts al servei dels teus clients<\/h2><\/div>\r\n\r\n<div id=\"text-block-6e2499e828dbbcbc4eb06cf702ce3216\" class=\"sh-text-block\">\r\n\t<ul><li data-renderer-start-pos=\"3919\">ClorianCGR et proporcionar\u00e0 el millor equip hum\u00e0 per a donar resposta a tots els dubtes dels teus clients.<\/li><li data-renderer-start-pos=\"3919\">Personal qualificat i amb experi\u00e8ncia en la gesti\u00f3 de recintes culturals i tur\u00edstics.<\/li><li data-renderer-start-pos=\"3919\">Atenci\u00f3 personalitzada en m\u00faltiples idiomes.<\/li><li data-renderer-start-pos=\"3919\">Formacions peri\u00f2diques per a assegurar la vig\u00e8ncia i qualitat de la informaci\u00f3.<\/li><\/ul><\/div>\r\n\t<\/div>\r\n\r\n\r\n\t\t\r\n\r\n<\/div>\r\n\r\n<div class=\"sh-column sh-column-13cd67540e1aa13174d74331a103e5cb fw-col-xs-12 fw-col-sm-4 hidden_mobile\" >\r\n\r\n\t\r\n\t<div class=\"sh-column-wrapper\">\r\n\t\t\n<div id=\"single-image-030f44f9a5ab99267f912911985c016d\" class=\"sh-single-image  \" data-tag=\"\" data-extratag=\"\">\n\t<div class=\"sh-element-margin\">\n\t\t\n\t\t\n\t\t\t<div class=\"sh-single-image-container\">\n\t\t\t\t\t\t\t\t\t\n\t\t\t\t\t\t\t\t\t\t\t\t\t<img decoding=\"async\" class=\"sh-image-url\" src=\"https:\/\/clorian-cgr.com\/wp-content\/uploads\/2024\/05\/SERVICIOS_5_1_rediseno_OK-1024x1024.png\" alt=\"SERVICIOS_5_1_redise\u00f1o_OK\" \/>\n\t\t\t\t\t\t\t\t\t\t\t\t\t\n\t\t\t\t\t\t\t\t\t\n\t\t\t\t\t\t\t<\/div>\n\n\t\t\n\t<\/div>\n<\/div>\t<\/div>\r\n\r\n\r\n\t\t\r\n\r\n<\/div>\r\n<\/div>\n\n\t<\/div>\r\n<\/section>\r\n\r\n<section class=\"sh-section sh-section-318e1a2a1469845910a54ebe96a8a945 fw-main-row contact-block contact-block_mobile sh-section-visibility-everywhere\">\r\n\t\t\t<div class=\"sh-section-overlay-318e1a2a1469845910a54ebe96a8a945 sh-section-overlay-front\"><\/div>\r\n\t\r\n\t\r\n\t<div class=\"sh-section-container container-fluid section-justify-height\">\r\n\t\t<div class=\"fw-row\">\n\t\r\n<div class=\"sh-column sh-column-a861f0642aa6be2450d984e864a08974 fw-col-xs-12\" >\r\n\r\n\t\r\n\t<div class=\"sh-column-wrapper\">\r\n\t\t\r\n<div id=\"text-block-58d82c1106ceec996c6d8883e723114e\" class=\"sh-text-block\">\r\n\t<h2 style=\"text-align: center;\">Est\u00e0s llest per a optimitzar el teu servei de reserves?<\/h2><\/div>\r\n\r\n<div id=\"text-block-d0da37c85f1f6ce6fb00db8464edd4ea\" class=\"sh-text-block subtitle\">\r\n\t<p style=\"text-align: center;\" data-renderer-start-pos=\"4742\">Contacta'ns avui mateix i descobreix com Clorian CGR pot personalitzar les seves solucions per a potenciar l'experi\u00e8ncia dels teus visitants i optimitzar l'efici\u00e8ncia del teu recinte.<\/p><p style=\"text-align: center;\"><b>Fes de cada interacci\u00f3 una experi\u00e8ncia inoblidable!<\/b><\/p><\/div>\r\n\t<\/div>\r\n\r\n\r\n\t\t\r\n\r\n<\/div>\r\n<\/div>\n\n<div class=\"fw-row\">\n\t\r\n<div class=\"sh-column sh-column-3e9ed7460be14b70ce0b01d875013fed fw-col-xs-12\" >\r\n\r\n\t\r\n\t<div class=\"sh-column-wrapper\">\r\n\t\t\r\n<div id=\"button-62ea1ff845c69c2a62ca894522631ff8\" class=\"sh-button-container  sh-button-style-1\">\r\n\t<div class=\"sh-element-margin\">\r\n\t\t<a href=\"\/contacte\/#form-contact-text\" target=\"_self\" class=\"sh-button sh-button-medium \">\r\n\r\n\t\t\t\r\n\t\t\t\t\t\t\t<span class=\"sh-button-text\">\r\n\t\t\t\t\tCont\u00e1ctanos\t\t\t\t<\/span>\r\n\t\t\t\r\n\t\t\t\r\n\t\t<\/a>\r\n\t\t\t<\/div>\r\n<\/div>\r\n\t<\/div>\r\n\r\n\r\n\t\t\r\n\r\n<\/div>\r\n<\/div>\n\n\t<\/div>\r\n<\/section>\r\n<\/p>\n","protected":false},"excerpt":{"rendered":"<p>Clorian CGR brinda la soluci\u00f3 m\u00e9s completa per a la gesti\u00f3 de venta d\u2019entrades Inici &gt; El servei&nbsp; UN SERVEI DE QUALITAT Deixa que nosaltres ens encarreguem de tot, sense que hagis de preocupar-te.Donem resposta a cada petici\u00f3 dels teus clients d&#8217;una manera r\u00e0pida i&#8230;<\/p>\n","protected":false},"author":1,"featured_media":0,"parent":0,"menu_order":0,"comment_status":"closed","ping_status":"closed","template":"","meta":{"footnotes":""},"class_list":["post-6723","page","type-page","status-publish","hentry"],"_links":{"self":[{"href":"https:\/\/clorian-cgr.com\/ca\/wp-json\/wp\/v2\/pages\/6723","targetHints":{"allow":["GET"]}}],"collection":[{"href":"https:\/\/clorian-cgr.com\/ca\/wp-json\/wp\/v2\/pages"}],"about":[{"href":"https:\/\/clorian-cgr.com\/ca\/wp-json\/wp\/v2\/types\/page"}],"author":[{"embeddable":true,"href":"https:\/\/clorian-cgr.com\/ca\/wp-json\/wp\/v2\/users\/1"}],"replies":[{"embeddable":true,"href":"https:\/\/clorian-cgr.com\/ca\/wp-json\/wp\/v2\/comments?post=6723"}],"version-history":[{"count":7,"href":"https:\/\/clorian-cgr.com\/ca\/wp-json\/wp\/v2\/pages\/6723\/revisions"}],"predecessor-version":[{"id":7117,"href":"https:\/\/clorian-cgr.com\/ca\/wp-json\/wp\/v2\/pages\/6723\/revisions\/7117"}],"wp:attachment":[{"href":"https:\/\/clorian-cgr.com\/ca\/wp-json\/wp\/v2\/media?parent=6723"}],"curies":[{"name":"wp","href":"https:\/\/api.w.org\/{rel}","templated":true}]}}