{"id":6719,"date":"2020-06-14T08:44:05","date_gmt":"2020-06-14T06:44:05","guid":{"rendered":"https:\/\/clorian-cgr.com\/aviso-legal\/"},"modified":"2024-07-31T10:52:39","modified_gmt":"2024-07-31T08:52:39","slug":"avis-legal","status":"publish","type":"page","link":"https:\/\/clorian-cgr.com\/ca\/avis-legal\/","title":{"rendered":"Av\u00eds Legal"},"content":{"rendered":"<p>\r\n<section class=\"sh-section sh-section-50778fbc16e7f97b9a581007b463e9d0 fw-main-row header_title sh-section-visibility-everywhere\">\r\n\t\r\n\t\r\n\t<div class=\"sh-section-container container-fluid\">\r\n\t\t<div class=\"fw-row\">\n\t\r\n<div class=\"sh-column sh-column-9c2ff0cf8a35da53dc357345d69b252d fw-col-xs-12 container_inner\" >\r\n\r\n\t\r\n\t<div class=\"sh-column-wrapper\">\r\n\t\t\r\n<div id=\"text-block-ef6d49c2795d46ced6114bcbb7fb7742\" class=\"sh-text-block\">\r\n\t<p><div id=\"breadcrumbs\" class=\"breadcrumb-trail breadcrumbs\"><span class=\"item-home\"><a class=\"bread-link bread-home\" href=\"https:\/\/clorian-cgr.com\/ca\/\" title=\"Inici\">Inici<\/a><\/span><span class=\"separator\"> &gt; <\/span><span class=\"item-current\"><span class=\"bread-current\">Av\u00eds Legal<\/span><\/span><\/div><\/p><p>&nbsp;<\/p><\/div>\r\n\t<\/div>\r\n\r\n\r\n\t\t\r\n\r\n<\/div>\r\n<\/div>\n\n\t<\/div>\r\n<\/section>\r\n\r\n<section class=\"sh-section sh-section-d838b6e02fed82f96833ee893331d4d8 fw-main-row legal_text sh-section-visibility-everywhere\">\r\n\t\r\n\t\r\n\t<div class=\"sh-section-container container\">\r\n\t\t<div class=\"fw-row\">\n\t\r\n<div class=\"sh-column sh-column-2c995a5495601fccb8f167ea7846a52f fw-col-xs-12\" >\r\n\r\n\t\r\n\t<div class=\"sh-column-wrapper\">\r\n\t\t\r\n<div id=\"text-block-584f09623c540d0d672ffa4a0bd96ba1\" class=\"sh-text-block\">\r\n\t<h3><strong>1 - INFORMACI\u00d3 CORPORATIVA<\/strong><\/h3><p><span style=\"font-weight: 400;\">En compliment de la Llei 34\/2002, d'11 de juliol, de serveis de la societat de la informaci\u00f3 i de comer\u00e7 electr\u00f2nic, <strong>CLORIAN CGR SL<\/strong> l'informa que \u00e9s titular dels llocs web: www.clorian.cgr.com, d'acord amb l'exig\u00e8ncia de l'article 10 de l'esmentada Llei,<strong> CLORIAN CGR SL<\/strong>, notifica les seg\u00fcents dades: el titular d'aquesta p\u00e0gina web \u00e9s <strong>CLORIAN CGR SL<\/strong> amb NIF\/CIF: <strong>B44869519<\/strong>. Registre Mercantil de <strong>BARCELONA<\/strong>. Tom: <strong>48698<\/strong>. Foli: <strong>36<\/strong>. Fulla: <strong>B-592966<\/strong>, i domicili social:<strong> Carrer de Vene\u00e7uela 103 - 3a 1, 08019 - Barcelona<\/strong>. Localitat: <strong>BARCELONA<\/strong>. Prov\u00edncia: Barcelona. L'adre\u00e7a de correu electr\u00f2nic de contacte amb l'empresa \u00e9s: <strong>info@clorian-cgr.com<\/strong><\/span><\/p><h3><strong>2 - USUARI I R\u00c8GIM DE RESPONSABILITATS<\/strong><\/h3><p><span style=\"font-weight: 400;\">La navegaci\u00f3 per acc\u00e9s o \u00fas de la p\u00e0gina web www.clorian.cgr.com i tots els subdominis i directoris inclosos sota aquesta, aix\u00ed com els serveis o continguts que a trav\u00e9s d'ell es puguin obtenir i tots els portals de domini propi baix titularitat de<strong> CLORIAN CGR SL<\/strong>, atorga la Condici\u00f3 d'Usuari, per la qual s'accepten, en navegar per la p\u00e0gina<strong> CLORIAN CGR SL<\/strong>, totes les condicions d'\u00fas que s'estableixen aqu\u00ed sense perjudicar l'aplicaci\u00f3 de la corresponent normativa d'obligat compliment legal segons el cas.<\/span><\/p><p><span style=\"font-weight: 400;\">Per aix\u00f2, si les consideracions detallades en aquest av\u00eds legal no s\u00f3n de la seva conformitat, preguem no faci \u00fas del portal, ja que qualsevol \u00fas que faci del mateix o els serveis i continguts en ell inclosos implicar\u00e0 l'acceptaci\u00f3 dels termes legals recollits en aquest text.<\/span><\/p><p><span style=\"font-weight: 400;\">La p\u00e0gina web de <strong>CLORIAN CGR SL<\/strong> proporciona gran diversitat d'informaci\u00f3, serveis i dades. L'usuari assumeix la seva responsabilitat en l'\u00fas correcte dels llocs web. Aquesta responsabilitat s'estendr\u00e0 a: La veracitat i licitud de les informacions aportades per l'usuari en els formularis emesos per <strong>CLORIAN CGR SL<\/strong> per a accedir a determinats continguts o serveis oferts per la web.<\/span><\/p><p><span style=\"font-weight: 400;\">L'\u00fas de la informaci\u00f3, serveis i dades ofertes per <strong>CLORIAN CGR SL<\/strong> no aniran contra les disposicions d'aquestes condicions, la Llei, la moral, els bons costums o l'ordre p\u00fablic o que, en un altre cas, puguin suposar lesi\u00f3 dels drets de tercers o del funcionament dels llocs web. A aquest efecte, l'Usuari s'abstindr\u00e0 d'utilitzar qualsevol dels continguts amb finalitats o efectes il\u00b7l\u00edcits, prohibits en aquest text, lesius dels drets i interessos de tercers, o que de qualsevol forma puguin danyar, inutilitzar, sobrecarregar, deteriorar o impedir la normal utilitzaci\u00f3 dels continguts, altres Usuaris o de qualsevol usuari d'Internet (maquinari i programari).<\/span><\/p><p><span style=\"font-weight: 400;\">Els usuaris respondran dels danys i perjudicis de tota naturalesa que l'empresa propiet\u00e0ria de la web pugui sofrir, directament o indirectament, a conseq\u00fc\u00e8ncia d'incompliment de qualsevol de les obligacions derivades de l'\u00fas de la Web i d'aquesta pol\u00edtica de privacitat.<\/span><\/p><p><span style=\"font-weight: 400;\">En particular, ja t\u00edtol merament indicatiu i no exhaustiu, l'Usuari es compromet a no transmetre, difondre o posar a la disposici\u00f3 de tercers informacions, dades, continguts, missatges, gr\u00e0fics, dibuixos, arxius de so i\/o imatge, fotografies de la web.<\/span><\/p><\/div>\r\n\t<\/div>\r\n\r\n\r\n\t\t\r\n\r\n<\/div>\r\n<\/div>\n\n\t<\/div>\r\n<\/section>\r\n<\/p>\n","protected":false},"excerpt":{"rendered":"<p>Inici &gt; Av\u00eds Legal&nbsp; 1 &#8211; INFORMACI\u00d3 CORPORATIVAEn compliment de la Llei 34\/2002, d&#8217;11 de juliol, de serveis de la societat de la informaci\u00f3 i de comer\u00e7 electr\u00f2nic, CLORIAN CGR SL l&#8217;informa que \u00e9s titular dels llocs web: www.clorian.cgr.com, d&#8217;acord amb l&#8217;exig\u00e8ncia de l&#8217;article 10&#8230;<\/p>\n","protected":false},"author":1,"featured_media":0,"parent":0,"menu_order":0,"comment_status":"closed","ping_status":"closed","template":"","meta":{"footnotes":""},"class_list":["post-6719","page","type-page","status-publish","hentry"],"_links":{"self":[{"href":"https:\/\/clorian-cgr.com\/ca\/wp-json\/wp\/v2\/pages\/6719","targetHints":{"allow":["GET"]}}],"collection":[{"href":"https:\/\/clorian-cgr.com\/ca\/wp-json\/wp\/v2\/pages"}],"about":[{"href":"https:\/\/clorian-cgr.com\/ca\/wp-json\/wp\/v2\/types\/page"}],"author":[{"embeddable":true,"href":"https:\/\/clorian-cgr.com\/ca\/wp-json\/wp\/v2\/users\/1"}],"replies":[{"embeddable":true,"href":"https:\/\/clorian-cgr.com\/ca\/wp-json\/wp\/v2\/comments?post=6719"}],"version-history":[{"count":5,"href":"https:\/\/clorian-cgr.com\/ca\/wp-json\/wp\/v2\/pages\/6719\/revisions"}],"predecessor-version":[{"id":7050,"href":"https:\/\/clorian-cgr.com\/ca\/wp-json\/wp\/v2\/pages\/6719\/revisions\/7050"}],"wp:attachment":[{"href":"https:\/\/clorian-cgr.com\/ca\/wp-json\/wp\/v2\/media?parent=6719"}],"curies":[{"name":"wp","href":"https:\/\/api.w.org\/{rel}","templated":true}]}}