{"id":6717,"date":"2020-05-25T07:23:49","date_gmt":"2020-05-25T05:23:49","guid":{"rendered":"https:\/\/clorian-cgr.com\/home\/"},"modified":"2024-07-31T11:11:17","modified_gmt":"2024-07-31T09:11:17","slug":"home","status":"publish","type":"page","link":"https:\/\/clorian-cgr.com\/ca\/","title":{"rendered":"Inici"},"content":{"rendered":"<p>\r\n<section class=\"sh-section sh-section-4cee36d9fce8af077ad3995ddd970415 fw-main-row sh-section-visibility-everywhere\">\r\n\t\r\n\t\r\n\t<div class=\"sh-section-container container-fluid\">\r\n\t\t<div class=\"fw-row\">\n\t\r\n<div class=\"sh-column sh-column-4f3c2832ecc05304f555152d7077e341 fw-col-xs-12\" >\r\n\r\n\t\r\n\t<div class=\"sh-column-wrapper\">\r\n\t\t\r\n<div id=\"text-block-5477e125a190ecdecdad36ee098c5351\" class=\"sh-text-block\">\r\n\t<p><\/p><\/div>\r\n\t<\/div>\r\n\r\n\r\n\t\t\r\n\r\n<\/div>\r\n<\/div>\n\n\t<\/div>\r\n<\/section>\r\n\r\n<section class=\"sh-section sh-section-5f62f8f1c7025ece16fbccb975f1679a fw-main-row sh-section-visibility-everywhere\" id=\"testimonials_home\">\r\n\t\r\n\t\r\n\t<div class=\"sh-section-container container-fluid\">\r\n\t\t<div class=\"fw-row\">\n\t\r\n<div class=\"sh-column sh-column-cefff5be942a9c152ee1a2bf671514eb fw-col-xs-12\" >\r\n\r\n\t\r\n\t<div class=\"sh-column-wrapper\">\r\n\t\t\r\n\r\n\r\n\r\n<div id=\"partners-4d626db60ffa45fce4b5f03abe9dc936\" class=\"sh-partners-carousel\" data-autoplay=\"2500\" data-id=\"4\">\r\n\t\t\t\t\t\t<div class=\"sh-partners-carousel-item \">\r\n\t\t\t\t<div class=\"sh-partners-carousel-item-content\">\r\n\t\t\t\t\t\r\n\t\t\t\t\t<img decoding=\"async\" src=\"\/\/cloriancgr.kinsta.cloud\/wp-content\/uploads\/2024\/06\/sagradafamilia-2.png\" alt=\"Sagrada Familia\" \/>\r\n\r\n\t\t\t\t\t\t\t\t\t<\/div>\r\n\t\t\t<\/div>\r\n\t\t\t\t\t<div class=\"sh-partners-carousel-item \">\r\n\t\t\t\t<div class=\"sh-partners-carousel-item-content\">\r\n\t\t\t\t\t\r\n\t\t\t\t\t<img decoding=\"async\" src=\"\/\/cloriancgr.kinsta.cloud\/wp-content\/uploads\/2024\/06\/montserratvisita.png\" alt=\"Montserrat Visita\" \/>\r\n\r\n\t\t\t\t\t\t\t\t\t<\/div>\r\n\t\t\t<\/div>\r\n\t\t\t\t\t<div class=\"sh-partners-carousel-item \">\r\n\t\t\t\t<div class=\"sh-partners-carousel-item-content\">\r\n\t\t\t\t\t\r\n\t\t\t\t\t<img decoding=\"async\" src=\"\/\/cloriancgr.kinsta.cloud\/wp-content\/uploads\/2024\/06\/museoreinasofia-1.png\" alt=\"Museo Nacional Centro de Arte Reina Sofia\" \/>\r\n\r\n\t\t\t\t\t\t\t\t\t<\/div>\r\n\t\t\t<\/div>\r\n\t\t\t\t\t<div class=\"sh-partners-carousel-item \">\r\n\t\t\t\t<div class=\"sh-partners-carousel-item-content\">\r\n\t\t\t\t\t\r\n\t\t\t\t\t<img decoding=\"async\" src=\"\/\/cloriancgr.kinsta.cloud\/wp-content\/uploads\/2024\/06\/GranadaTur-1.png\" alt=\"Granada Card\" \/>\r\n\r\n\t\t\t\t\t\t\t\t\t<\/div>\r\n\t\t\t<\/div>\r\n\t\t\t\t\t<div class=\"sh-partners-carousel-item \">\r\n\t\t\t\t<div class=\"sh-partners-carousel-item-content\">\r\n\t\t\t\t\t\r\n\t\t\t\t\t<img decoding=\"async\" src=\"\/\/cloriancgr.kinsta.cloud\/wp-content\/uploads\/2024\/06\/mezquitadecordoba-1.png\" alt=\"Mezquita Catedral de C\u00f3rdoba\" \/>\r\n\r\n\t\t\t\t\t\t\t\t\t<\/div>\r\n\t\t\t<\/div>\r\n\t\t\t\t\t<div class=\"sh-partners-carousel-item \">\r\n\t\t\t\t<div class=\"sh-partners-carousel-item-content\">\r\n\t\t\t\t\t\r\n\t\t\t\t\t<img decoding=\"async\" src=\"\/\/cloriancgr.kinsta.cloud\/wp-content\/uploads\/2024\/06\/alcazardesegovia.png\" alt=\"Alc\u00e1zar de Segovia\" \/>\r\n\r\n\t\t\t\t\t\t\t\t\t<\/div>\r\n\t\t\t<\/div>\r\n\t\t\t\t\t<div class=\"sh-partners-carousel-item \">\r\n\t\t\t\t<div class=\"sh-partners-carousel-item-content\">\r\n\t\t\t\t\t\r\n\t\t\t\t\t<img decoding=\"async\" src=\"\/\/cloriancgr.kinsta.cloud\/wp-content\/uploads\/2024\/06\/ExposicionBDE.png\" alt=\"Banco de Espa\u00f1a\" \/>\r\n\r\n\t\t\t\t\t\t\t\t\t<\/div>\r\n\t\t\t<\/div>\r\n\t\t\t\t\t<div class=\"sh-partners-carousel-item \">\r\n\t\t\t\t<div class=\"sh-partners-carousel-item-content\">\r\n\t\t\t\t\t\r\n\t\t\t\t\t<img decoding=\"async\" src=\"\/\/cloriancgr.kinsta.cloud\/wp-content\/uploads\/2024\/06\/catalunyabusturistic-1.png\" alt=\"Catalunya Bus Tur\u00edstic\" \/>\r\n\r\n\t\t\t\t\t\t\t\t\t<\/div>\r\n\t\t\t<\/div>\r\n\t\t\t\t\t<div class=\"sh-partners-carousel-item \">\r\n\t\t\t\t<div class=\"sh-partners-carousel-item-content\">\r\n\t\t\t\t\t\r\n\t\t\t\t\t<img decoding=\"async\" src=\"\/\/cloriancgr.kinsta.cloud\/wp-content\/uploads\/2024\/07\/Legends-logo.png\" alt=\"Museo Legends by LaLiga\" \/>\r\n\r\n\t\t\t\t\t\t\t\t\t<\/div>\r\n\t\t\t<\/div>\r\n\t\t\t\t\t<div class=\"sh-partners-carousel-item \">\r\n\t\t\t\t<div class=\"sh-partners-carousel-item-content\">\r\n\t\t\t\t\t\r\n\t\t\t\t\t<img decoding=\"async\" src=\"\/\/cloriancgr.kinsta.cloud\/wp-content\/uploads\/2024\/07\/MiradorTorreGlories.png\" alt=\"Mirador torre Gl\u00f2ries\" \/>\r\n\r\n\t\t\t\t\t\t\t\t\t<\/div>\r\n\t\t\t<\/div>\r\n\t\t\t<\/div>\r\n\t<\/div>\r\n\r\n\r\n\t\t\r\n\r\n<\/div>\r\n<\/div>\n\n\t<\/div>\r\n<\/section>\r\n\r\n<section class=\"sh-section sh-section-5d9071ef0093312749650b37b0c07c8a fw-main-row ventajas_title ventajas_title_mobile sh-section-visibility-everywhere\">\r\n\t\r\n\t\r\n\t<div class=\"sh-section-container container\">\r\n\t\t<div class=\"fw-row\">\n\t\r\n<div class=\"sh-column sh-column-fd821899f7c026de7a6451ad158ee249 fw-col-xs-12 fw-col-sm-6 ventajas_title_text\" >\r\n\r\n\t\r\n\t<div class=\"sh-column-wrapper\">\r\n\t\t\r\n<div id=\"text-block-96772353eb69d49dceb6b97d81aefa16\" class=\"sh-text-block\">\r\n\t<h2 style=\"color: white;\">Per qu\u00e8 escollir-nos?<\/h2><\/div>\r\n\r\n<div id=\"text-block-f974cde56f7dae68bf581b92dab9bb15\" class=\"sh-text-block\">\r\n\t<ul><li style=\"font-weight: 400;\" aria-level=\"1\"><span style=\"font-weight: 400;\">Proporcionem respostes completes a les teves necessitats de gesti\u00f3 de reserves d'entrades.<\/span><\/li><li style=\"font-weight: 400;\" aria-level=\"1\"><span style=\"font-weight: 400;\">Comptem amb l'\u00faltima tecnologia necess\u00e0ria per a garantir una efici\u00e8ncia total en les sol\u00b7licituds dels teus clients.<\/span><\/li><li style=\"font-weight: 400;\" aria-level=\"1\"><span style=\"font-weight: 400;\">Atenci\u00f3 personalitzada i definici\u00f3 de b\u00fasties i missatges a mesura i en m\u00faltiples idiomes.<\/span><\/li><li style=\"font-weight: 400;\" aria-level=\"1\"><span style=\"font-weight: 400;\">Integrem el CRM per a gestionar de manera \u00e0gil i eficient totes les sol\u00b7licituds i incid\u00e8ncies.<\/span><\/li><li style=\"font-weight: 400;\" aria-level=\"1\"><span style=\"font-weight: 400;\">Centraleta al n\u00favol per a accedir on i quan vulguis al teu gestor de trucades.<\/span><\/li><\/ul><\/div>\r\n\r\n<div id=\"button-56443b768c7b1b53832f41c0235281cd\" class=\"sh-button-container  sh-button-style-1\">\r\n\t<div class=\"sh-element-margin\">\r\n\t\t<a href=\"https:\/\/clorian-cgr.com\/ca\/contacte\/#form-contact-text\" target=\"_self\" class=\"sh-button sh-button-large \">\r\n\r\n\t\t\t\r\n\t\t\t\t\t\t\t<span class=\"sh-button-text\">\r\n\t\t\t\t\tDescobreix la nostra f\u00f3rmula!\t\t\t\t<\/span>\r\n\t\t\t\r\n\t\t\t\r\n\t\t<\/a>\r\n\t\t\t<\/div>\r\n<\/div>\r\n\t<\/div>\r\n\r\n\r\n\t\t\r\n\r\n<\/div>\r\n\r\n<div class=\"sh-column sh-column-c4086555be03becd690207910f5752ef fw-col-xs-12 fw-col-sm-6\" >\r\n\r\n\t\r\n\t<div class=\"sh-column-wrapper\">\r\n\t\t\n<div id=\"single-image-e680441954a4c316e2dc2121f7d2bf73\" class=\"sh-single-image  \" data-tag=\"\" data-extratag=\"\">\n\t<div class=\"sh-element-margin\">\n\t\t\n\t\t\n\t\t\t<div class=\"sh-single-image-container\">\n\t\t\t\t\t\t\t\t\t\n\t\t\t\t\t\t\t\t\t\t\t\t\t<img decoding=\"async\" class=\"sh-image-url\" src=\"https:\/\/clorian-cgr.com\/wp-content\/uploads\/2024\/06\/SERVICIOS_2_blanco-1.png\" alt=\"SERVICIOS_2_blanco\" \/>\n\t\t\t\t\t\t\t\t\t\t\t\t\t\n\t\t\t\t\t\t\t\t\t\n\t\t\t\t\t\t\t<\/div>\n\n\t\t\n\t<\/div>\n<\/div>\t<\/div>\r\n\r\n\r\n\t\t\r\n\r\n<\/div>\r\n<\/div>\n\n\t<\/div>\r\n<\/section>\r\n\r\n<section class=\"sh-section sh-section-bf8ce2833ac9f84751a633e1559a0682 fw-main-row ventajas icon_mobile_size sh-section-visibility-everywhere\">\r\n\t\r\n\t\r\n\t<div class=\"sh-section-container container\">\r\n\t\t<div class=\"fw-row\">\n\t\r\n<div class=\"sh-column sh-column-7ea9627beea5ad7408c636acf3031c20 fw-col-xs-12 fw-col-sm-4\" >\r\n\r\n\t\r\n\t<div class=\"sh-column-wrapper\">\r\n\t\t\n<div id=\"single-image-982f78bfdd4560cc15bb0a43f829f984\" class=\"sh-single-image  \" data-tag=\"\" data-extratag=\"\">\n\t<div class=\"sh-element-margin\">\n\t\t\n\t\t\n\t\t\t<div class=\"sh-single-image-container\">\n\t\t\t\t\t\t\t\t\t\n\t\t\t\t\t\t\t\t\t\t\t\t\t<img decoding=\"async\" class=\"sh-image-url\" src=\"https:\/\/clorian-cgr.com\/wp-content\/uploads\/2024\/05\/Equipo_humano.png\" alt=\"Equipo_humano\" \/>\n\t\t\t\t\t\t\t\t\t\t\t\t\t\n\t\t\t\t\t\t\t\t\t\n\t\t\t\t\t\t\t<\/div>\n\n\t\t\n\t<\/div>\n<\/div>\r\n<div id=\"text-block-2b355749173ac21e290080465b4296d9\" class=\"sh-text-block\">\r\n\t<h3 style=\"text-align: center;\">Equip hum\u00e0<\/h3><p style=\"text-align: center;\"><span style=\"font-weight: 400;\">Comptem amb un equip propi i qualificat que s\u2019adapta a les particularitats del teu recinte, assegurant una atenci\u00f3 personalitzada.<\/span><\/p><\/div>\r\n\t<\/div>\r\n\r\n\r\n\t\t\r\n\r\n<\/div>\r\n\r\n<div class=\"sh-column sh-column-ac84b2950a07f310d96520df899156e5 fw-col-xs-12 fw-col-sm-4\" >\r\n\r\n\t\r\n\t<div class=\"sh-column-wrapper\">\r\n\t\t\n<div id=\"single-image-0097aa96b60c435e97a28ecc43be4268\" class=\"sh-single-image  \" data-tag=\"\" data-extratag=\"\">\n\t<div class=\"sh-element-margin\">\n\t\t\n\t\t\n\t\t\t<div class=\"sh-single-image-container\">\n\t\t\t\t\t\t\t\t\t\n\t\t\t\t\t\t\t\t\t\t\t\t\t<img decoding=\"async\" class=\"sh-image-url\" src=\"https:\/\/clorian-cgr.com\/wp-content\/uploads\/2024\/05\/Organizacion.png\" alt=\"Organizacion\" \/>\n\t\t\t\t\t\t\t\t\t\t\t\t\t\n\t\t\t\t\t\t\t\t\t\n\t\t\t\t\t\t\t<\/div>\n\n\t\t\n\t<\/div>\n<\/div>\r\n<div id=\"text-block-6caeb87f471ae750bb66e0297ca3a65a\" class=\"sh-text-block\">\r\n\t<h3 style=\"text-align: center;\">Organitzaci\u00f3<\/h3><p style=\"text-align: center;\">Automatitzem la gesti\u00f3 de crides per a aconseguir efici\u00e8ncia operativa, adaptant-nos a les teves necessitats m\u00e9s espec\u00edfiques.<\/p><\/div>\r\n\t<\/div>\r\n\r\n\r\n\t\t\r\n\r\n<\/div>\r\n\r\n<div class=\"sh-column sh-column-d87047575f8c2cf57cd6a4f0458bd292 fw-col-xs-12 fw-col-sm-4 gestion_autonoma\" >\r\n\r\n\t\r\n\t<div class=\"sh-column-wrapper\">\r\n\t\t\n<div id=\"single-image-9f80d2fae2419b80e03c321866ef6be6\" class=\"sh-single-image  \" data-tag=\"\" data-extratag=\"\">\n\t<div class=\"sh-element-margin\">\n\t\t\n\t\t\n\t\t\t<div class=\"sh-single-image-container\">\n\t\t\t\t\t\t\t\t\t\n\t\t\t\t\t\t\t\t\t\t\t\t\t<img decoding=\"async\" class=\"sh-image-url\" src=\"https:\/\/clorian-cgr.com\/wp-content\/uploads\/2024\/05\/Clorian_FINAL.png\" alt=\"Clorian_FINAL\" \/>\n\t\t\t\t\t\t\t\t\t\t\t\t\t\n\t\t\t\t\t\t\t\t\t\n\t\t\t\t\t\t\t<\/div>\n\n\t\t\n\t<\/div>\n<\/div>\r\n<div id=\"text-block-65c13605783c0af8a7f71186a1c20509\" class=\"sh-text-block\">\r\n\t<h3 style=\"text-align: center;\">M\u00f2dul Clorian<\/h3><p style=\"text-align: center;\"><span style=\"font-weight: 400;\">Eleva la teva gesti\u00f3 de les reserves al seg\u00fcent nivell incorporant el m\u00f2dul Clorian per a aconseguir una gesti\u00f3 integral de tot el cicle de ticketing, millorant l'efici\u00e8ncia i l'experi\u00e8ncia dels clients.<\/span><\/p><\/div>\r\n\t<\/div>\r\n\r\n\r\n\t\t\r\n\r\n<\/div>\r\n<\/div>\n\n\t<\/div>\r\n<\/section>\r\n\r\n<section class=\"sh-section sh-section-1b6a1bf643e5e3c2b2f7684759b3e9ff fw-main-row ventajas  icon_mobile_size sh-section-visibility-everywhere\">\r\n\t\r\n\t\r\n\t<div class=\"sh-section-container container\">\r\n\t\t<div class=\"fw-row\">\n\t\r\n<div class=\"sh-column sh-column-5cf54f72c2829d9f9b1bc80746bba15e fw-col-xs-12 fw-col-sm-4\" >\r\n\r\n\t\r\n\t<div class=\"sh-column-wrapper\">\r\n\t\t\n<div id=\"single-image-7532393a91ba56702dd53307d65af751\" class=\"sh-single-image  \" data-tag=\"\" data-extratag=\"\">\n\t<div class=\"sh-element-margin\">\n\t\t\n\t\t\n\t\t\t<div class=\"sh-single-image-container\">\n\t\t\t\t\t\t\t\t\t\n\t\t\t\t\t\t\t\t\t\t\t\t\t<img decoding=\"async\" class=\"sh-image-url\" src=\"https:\/\/clorian-cgr.com\/wp-content\/uploads\/2024\/06\/infraestructura.png\" alt=\"infraestructura\" \/>\n\t\t\t\t\t\t\t\t\t\t\t\t\t\n\t\t\t\t\t\t\t\t\t\n\t\t\t\t\t\t\t<\/div>\n\n\t\t\n\t<\/div>\n<\/div>\r\n<div id=\"text-block-5da5d6c42290ab8b02d7792c3f6b4b8f\" class=\"sh-text-block right_side\">\r\n\t<h3 style=\"text-align: center;\">Infraestructura<\/h3><p style=\"text-align: center;\">Desde nuestras oficinas centrales, desplegamos toda la infraestructura necesaria para dar respuesta a cada solicitud de tus clientes.<\/p><\/div>\r\n\t<\/div>\r\n\r\n\r\n\t\t\r\n\r\n<\/div>\r\n\r\n<div class=\"sh-column sh-column-08c1674ed2e5862189089a70cb9e2c88 fw-col-xs-12 fw-col-sm-4\" >\r\n\r\n\t\r\n\t<div class=\"sh-column-wrapper\">\r\n\t\t\n<div id=\"single-image-0a06d6e8421e6b9be2fd6e06c8dc34cd\" class=\"sh-single-image  \" data-tag=\"\" data-extratag=\"\">\n\t<div class=\"sh-element-margin\">\n\t\t\n\t\t\n\t\t\t<div class=\"sh-single-image-container\">\n\t\t\t\t\t\t\t\t\t\n\t\t\t\t\t\t\t\t\t\t\t\t\t<img decoding=\"async\" class=\"sh-image-url\" src=\"https:\/\/clorian-cgr.com\/wp-content\/uploads\/2024\/05\/Calidad.png\" alt=\"Calidad\" \/>\n\t\t\t\t\t\t\t\t\t\t\t\t\t\n\t\t\t\t\t\t\t\t\t\n\t\t\t\t\t\t\t<\/div>\n\n\t\t\n\t<\/div>\n<\/div>\r\n<div id=\"text-block-552a35a83aeba39d55b36c23949f82c9\" class=\"sh-text-block\">\r\n\t<h3 style=\"text-align: center;\">Calidad<\/h3><p style=\"text-align: center;\">Garantizamos la mejor calidad del servicio con tiempos de respuesta muy \u00e1giles y con operadores cualificados y formados para dar respuesta a todo aquello que tus clientes necesitan.<\/p><\/div>\r\n\t<\/div>\r\n\r\n\r\n\t\t\r\n\r\n<\/div>\r\n\r\n<div class=\"sh-column sh-column-c068b2fe997d9cd929486a1d06a5beef fw-col-xs-12 fw-col-sm-4\" >\r\n\r\n\t\r\n\t<div class=\"sh-column-wrapper\">\r\n\t\t\n<div id=\"single-image-180e49083d4dd209d8496b8ad021321a\" class=\"sh-single-image  \" data-tag=\"\" data-extratag=\"\">\n\t<div class=\"sh-element-margin\">\n\t\t\n\t\t\n\t\t\t<div class=\"sh-single-image-container\">\n\t\t\t\t\t\t\t\t\t\n\t\t\t\t\t\t\t\t\t\t\t\t\t<img decoding=\"async\" class=\"sh-image-url\" src=\"https:\/\/clorian-cgr.com\/wp-content\/uploads\/2024\/06\/marca.png\" alt=\"marca\" \/>\n\t\t\t\t\t\t\t\t\t\t\t\t\t\n\t\t\t\t\t\t\t\t\t\n\t\t\t\t\t\t\t<\/div>\n\n\t\t\n\t<\/div>\n<\/div>\r\n<div id=\"text-block-ccabdeb4abf61fb3e7c70cbdfa85c6ce\" class=\"sh-text-block\">\r\n\t<h3 style=\"text-align: center;\">Integraci\u00f3n total con tu marca<\/h3><p style=\"text-align: center;\">Somos un servicio 'marca blanca' que permite que la gesti\u00f3n de reservas se perciban como si fueran manejadas directamente por tu recinto, manteniendo la coherencia y confianza en tu identidad.<\/p><\/div>\r\n\t<\/div>\r\n\r\n\r\n\t\t\r\n\r\n<\/div>\r\n<\/div>\n\n\t<\/div>\r\n<\/section>\r\n\r\n<section class=\"sh-section sh-section-656b1d02309f7d0d611625b0717ff2f7 fw-main-row seller-block seller-block_mobile sh-section-visibility-everywhere\">\r\n\t\t\t<div class=\"sh-section-overlay-656b1d02309f7d0d611625b0717ff2f7 sh-section-overlay-front\"><\/div>\r\n\t\r\n\t\r\n\t<div class=\"sh-section-container container\">\r\n\t\t<div class=\"fw-row\">\n\t\r\n<div class=\"sh-column sh-column-a5fc85beedcd61de567afd19fee5aaae fw-col-xs-12\" >\r\n\r\n\t\r\n\t<div class=\"sh-column-wrapper\">\r\n\t\t\r\n<div class=\"sh-empty-space\" id=\"empty-space-a8b1159ebd5882f84475345ad2cac3e6\"><\/div>\r\n\r\n<div class=\"sh-heading  \" id=\"heading-3a8c1dc08f716ddb28adefe3fc59d465\">\r\n\t<div class=\"sh-element-margin\">\r\n\r\n\t\t\r\n\t\t\t<h2 class=\"sh-heading-content size-default text-center\">\r\n\t\t\t\tEst\u00e0s llest per a optimitzar el teu servei de reserves?\t\t\t<\/h2>\r\n\r\n\t\t\r\n\t<\/div>\r\n<\/div>\r\n\r\n<div id=\"text-block-eb3ce7b6b25ec7a2f0c44596ca77d237\" class=\"sh-text-block\">\r\n\t<p style=\"text-align: center;\" data-renderer-start-pos=\"1892\">Contacta'ns avui mateix i descobreix com Clorian CGR pot personalitzar les teves solucions per a potenciar l'experi\u00e8ncia dels teus visitants i optimitzar l'efici\u00e8ncia del teu recinte.<\/p><\/div>\r\n\r\n<div class=\"sh-heading  \" id=\"heading-d373df2f139c929c263dce1da4de119f\">\r\n\t<div class=\"sh-element-margin\">\r\n\r\n\t\t\r\n\t\t\t<h3 class=\"sh-heading-content size-default text-center\">\r\n\t\t\t\tFes de cada interacci\u00f3 una experi\u00e8ncia inoblidable!\t\t\t<\/h3>\r\n\r\n\t\t\r\n\t<\/div>\r\n<\/div>\r\n\r\n<div id=\"button-1c072f298b614727bd561fa35ab6c774\" class=\"sh-button-container  sh-button-style-1\">\r\n\t<div class=\"sh-element-margin\">\r\n\t\t<a href=\"https:\/\/clorian-cgr.com\/ca\/contacte\/#form-contact-text\" target=\"_blank\" class=\"sh-button sh-button-large sh-button-icon-right\">\r\n\r\n\t\t\t\t\t\t\t<span class=\"sh-button-icon\">\r\n\t\t\t\t\t<i class=\"ti-arrow-top-right\"><\/i>\r\n\t\t\t\t<\/span>\r\n\t\t\t\r\n\t\t\t\t\t\t\t<span class=\"sh-button-text\">\r\n\t\t\t\t\tSaber m\u00e9s\t\t\t\t<\/span>\r\n\t\t\t\r\n\t\t\t\r\n\t\t<\/a>\r\n\t\t\t<\/div>\r\n<\/div>\r\n\t<\/div>\r\n\r\n\r\n\t\t\r\n\r\n<\/div>\r\n<\/div>\n\n\t<\/div>\r\n<\/section>\r\n<\/p>\n","protected":false},"excerpt":{"rendered":"<p>Per qu\u00e8 escollir-nos? Proporcionem respostes completes a les teves necessitats de gesti\u00f3 de reserves d&#8217;entrades.Comptem amb l&#8217;\u00faltima tecnologia necess\u00e0ria per a garantir una efici\u00e8ncia total en les sol\u00b7licituds dels teus clients.Atenci\u00f3 personalitzada i definici\u00f3 de b\u00fasties i missatges a mesura i en m\u00faltiples idiomes.Integrem el&#8230;<\/p>\n","protected":false},"author":1,"featured_media":0,"parent":0,"menu_order":0,"comment_status":"closed","ping_status":"closed","template":"","meta":{"footnotes":""},"class_list":["post-6717","page","type-page","status-publish","hentry"],"_links":{"self":[{"href":"https:\/\/clorian-cgr.com\/ca\/wp-json\/wp\/v2\/pages\/6717","targetHints":{"allow":["GET"]}}],"collection":[{"href":"https:\/\/clorian-cgr.com\/ca\/wp-json\/wp\/v2\/pages"}],"about":[{"href":"https:\/\/clorian-cgr.com\/ca\/wp-json\/wp\/v2\/types\/page"}],"author":[{"embeddable":true,"href":"https:\/\/clorian-cgr.com\/ca\/wp-json\/wp\/v2\/users\/1"}],"replies":[{"embeddable":true,"href":"https:\/\/clorian-cgr.com\/ca\/wp-json\/wp\/v2\/comments?post=6717"}],"version-history":[{"count":13,"href":"https:\/\/clorian-cgr.com\/ca\/wp-json\/wp\/v2\/pages\/6717\/revisions"}],"predecessor-version":[{"id":7115,"href":"https:\/\/clorian-cgr.com\/ca\/wp-json\/wp\/v2\/pages\/6717\/revisions\/7115"}],"wp:attachment":[{"href":"https:\/\/clorian-cgr.com\/ca\/wp-json\/wp\/v2\/media?parent=6717"}],"curies":[{"name":"wp","href":"https:\/\/api.w.org\/{rel}","templated":true}]}}